{"id":301,"date":"2016-04-18T22:33:31","date_gmt":"2016-04-18T19:33:31","guid":{"rendered":"https:\/\/tokset.com\/\/?page_id=301&#038;lang=en"},"modified":"2023-12-20T12:38:55","modified_gmt":"2023-12-20T10:38:55","slug":"steam-cleaners","status":"publish","type":"page","link":"https:\/\/tokset.com\/en\/steam-cleaners\/","title":{"rendered":"Steam Cleaners"},"content":{"rendered":"<div class=\"gca-column one-half first\"><h3>H\u00f6yrypuhdistin takaa t\u00e4ydellisen pesun pisaralla vett\u00e4, ilman haitallisia kemikaaleja<\/h3>\n<p>H\u00f6yrypuhdistin sopii k\u00e4ytett\u00e4v\u00e4ksi kotitalouksissa, hotelleissa, ravintoloissa, sairaaloissa, siivousyrityksiss\u00e4, elintarviketeollisuudessa jne. Korkea h\u00f6yryl\u00e4mp\u00f6tila tappaa kaikki tunnetut bakteerit, virukset ja punkit, emulsifioi rasvan ja \u00f6ljyn ja irroittaa muut pinnan ep\u00e4puhtaudet.<\/p>\n<p><a href=\"https:\/\/tokset.com\/wp-content\/uploads\/Tokset_h\u00f6yrypesuriesite_ID-0216.pdf\" target=\"_blank\" rel=\"noopener\">PC &#8211; ID PROFESSIONAL Power Injektion<\/a><\/p>\n<p><a href=\"https:\/\/tokset.com\/wp-content\/uploads\/PC-ID-testi.pdf\" target=\"_blank\" rel=\"noopener\">PC-ID-testi<\/a><\/p>\n<p><a href=\"https:\/\/tokset.com\/wp-content\/uploads\/H\u00f6yrypesuri_ID_web.pdf\" target=\"_blank\" rel=\"noopener\">H\u00f6yrypesuri testi<\/a><\/p>\n<p><a href=\"https:\/\/tokset.com\/wp-content\/uploads\/H\u00f6yry-puhdistaa-tehokkaasti.pdf\" target=\"_blank\" rel=\"noopener\">H\u00f6yry puhdistaa tehokkaasti<\/a><\/p><\/div>\n<div class=\"gca-column one-half\"><p><img loading=\"lazy\" decoding=\"async\" class=\"alignnone wp-image-996\" src=\"https:\/\/tokset.com\/wp-content\/uploads\/pesuri.jpg\" alt=\"pesuri\" width=\"300\" height=\"480\" srcset=\"https:\/\/tokset.com\/wp-content\/uploads\/pesuri.jpg 1246w, https:\/\/tokset.com\/wp-content\/uploads\/pesuri-500x801.jpg 500w, https:\/\/tokset.com\/wp-content\/uploads\/pesuri-655x1049.jpg 655w, https:\/\/tokset.com\/wp-content\/uploads\/pesuri-94x150.jpg 94w, https:\/\/tokset.com\/wp-content\/uploads\/pesuri-187x300.jpg 187w, https:\/\/tokset.com\/wp-content\/uploads\/pesuri-768x1230.jpg 768w, https:\/\/tokset.com\/wp-content\/uploads\/pesuri-640x1024.jpg 640w, https:\/\/tokset.com\/wp-content\/uploads\/pesuri-600x961.jpg 600w\" sizes=\"auto, (max-width: 300px) 100vw, 300px\" \/><\/p><\/div>\n","protected":false},"excerpt":{"rendered":"","protected":false},"author":3,"featured_media":0,"parent":0,"menu_order":0,"comment_status":"closed","ping_status":"closed","template":"","meta":{"_uag_custom_page_level_css":"","_genesis_hide_title":false,"_genesis_hide_breadcrumbs":false,"_genesis_hide_singular_image":false,"_genesis_hide_footer_widgets":false,"_genesis_custom_body_class":"","_genesis_custom_post_class":"","_genesis_layout":"","ngg_post_thumbnail":0,"footnotes":"","advanced-sidebar-menu\/link-title":"","advanced-sidebar-menu\/exclude-page":false},"class_list":{"0":"post-301","1":"page","2":"type-page","3":"status-publish","5":"entry"},"yoast_head":"<!-- This site is optimized with the Yoast SEO plugin v27.3 - https:\/\/yoast.com\/product\/yoast-seo-wordpress\/ -->\n<title>Steam Cleaners | Tokset Oy<\/title>\n<meta name=\"description\" content=\"Tervetuloa tutustumaan H\u00f6yrypesurit -sivuun! Klikkaamalla p\u00e4\u00e4set tutustumaan paremmin t\u00e4ydellisen pesun takaaviin h\u00f6yrypesureihin!\" \/>\n<meta name=\"robots\" content=\"index, follow, max-snippet:-1, max-image-preview:large, max-video-preview:-1\" \/>\n<link rel=\"canonical\" href=\"https:\/\/tokset.com\/en\/steam-cleaners\/\" \/>\n<meta property=\"og:locale\" content=\"en_US\" \/>\n<meta property=\"og:type\" content=\"article\" \/>\n<meta property=\"og:title\" content=\"Steam Cleaners | Tokset Oy\" \/>\n<meta property=\"og:description\" content=\"Tervetuloa tutustumaan H\u00f6yrypesurit -sivuun! Klikkaamalla p\u00e4\u00e4set tutustumaan paremmin t\u00e4ydellisen pesun takaaviin h\u00f6yrypesureihin!\" \/>\n<meta property=\"og:url\" content=\"https:\/\/tokset.com\/en\/steam-cleaners\/\" \/>\n<meta property=\"og:site_name\" content=\"Tokset Oy\" \/>\n<meta property=\"article:publisher\" content=\"https:\/\/www.facebook.com\/ToksetOy\/\" \/>\n<meta property=\"article:modified_time\" content=\"2023-12-20T10:38:55+00:00\" \/>\n<meta property=\"og:image\" content=\"https:\/\/tokset.com\/wp-content\/uploads\/pesuri.jpg\" \/>\n<meta name=\"twitter:card\" content=\"summary_large_image\" \/>\n<script type=\"application\/ld+json\" class=\"yoast-schema-graph\">{\"@context\":\"https:\\\/\\\/schema.org\",\"@graph\":[{\"@type\":\"WebPage\",\"@id\":\"https:\\\/\\\/tokset.com\\\/en\\\/steam-cleaners\\\/\",\"url\":\"https:\\\/\\\/tokset.com\\\/en\\\/steam-cleaners\\\/\",\"name\":\"Steam Cleaners | Tokset Oy\",\"isPartOf\":{\"@id\":\"https:\\\/\\\/tokset.com\\\/en\\\/#website\"},\"primaryImageOfPage\":{\"@id\":\"https:\\\/\\\/tokset.com\\\/en\\\/steam-cleaners\\\/#primaryimage\"},\"image\":{\"@id\":\"https:\\\/\\\/tokset.com\\\/en\\\/steam-cleaners\\\/#primaryimage\"},\"thumbnailUrl\":\"https:\\\/\\\/tokset.com\\\/wp-content\\\/uploads\\\/pesuri.jpg\",\"datePublished\":\"2016-04-18T19:33:31+00:00\",\"dateModified\":\"2023-12-20T10:38:55+00:00\",\"description\":\"Tervetuloa tutustumaan H\u00f6yrypesurit -sivuun! Klikkaamalla p\u00e4\u00e4set tutustumaan paremmin t\u00e4ydellisen pesun takaaviin h\u00f6yrypesureihin!\",\"breadcrumb\":{\"@id\":\"https:\\\/\\\/tokset.com\\\/en\\\/steam-cleaners\\\/#breadcrumb\"},\"inLanguage\":\"en-US\",\"potentialAction\":[{\"@type\":\"ReadAction\",\"target\":[\"https:\\\/\\\/tokset.com\\\/en\\\/steam-cleaners\\\/\"]}]},{\"@type\":\"ImageObject\",\"inLanguage\":\"en-US\",\"@id\":\"https:\\\/\\\/tokset.com\\\/en\\\/steam-cleaners\\\/#primaryimage\",\"url\":\"https:\\\/\\\/tokset.com\\\/wp-content\\\/uploads\\\/pesuri.jpg\",\"contentUrl\":\"https:\\\/\\\/tokset.com\\\/wp-content\\\/uploads\\\/pesuri.jpg\"},{\"@type\":\"BreadcrumbList\",\"@id\":\"https:\\\/\\\/tokset.com\\\/en\\\/steam-cleaners\\\/#breadcrumb\",\"itemListElement\":[{\"@type\":\"ListItem\",\"position\":1,\"name\":\"Etusivu\",\"item\":\"https:\\\/\\\/tokset.com\\\/en\\\/\"},{\"@type\":\"ListItem\",\"position\":2,\"name\":\"Steam Cleaners\"}]},{\"@type\":\"WebSite\",\"@id\":\"https:\\\/\\\/tokset.com\\\/en\\\/#website\",\"url\":\"https:\\\/\\\/tokset.com\\\/en\\\/\",\"name\":\"Tokset Oy\",\"description\":\"Paloturvalliset tuhka- ja roska-astiat\",\"publisher\":{\"@id\":\"https:\\\/\\\/tokset.com\\\/en\\\/#organization\"},\"potentialAction\":[{\"@type\":\"SearchAction\",\"target\":{\"@type\":\"EntryPoint\",\"urlTemplate\":\"https:\\\/\\\/tokset.com\\\/en\\\/?s={search_term_string}\"},\"query-input\":{\"@type\":\"PropertyValueSpecification\",\"valueRequired\":true,\"valueName\":\"search_term_string\"}}],\"inLanguage\":\"en-US\"},{\"@type\":\"Organization\",\"@id\":\"https:\\\/\\\/tokset.com\\\/en\\\/#organization\",\"name\":\"Tokset Oy\",\"url\":\"https:\\\/\\\/tokset.com\\\/en\\\/\",\"logo\":{\"@type\":\"ImageObject\",\"inLanguage\":\"en-US\",\"@id\":\"https:\\\/\\\/tokset.com\\\/en\\\/#\\\/schema\\\/logo\\\/image\\\/\",\"url\":\"https:\\\/\\\/tokset.com\\\/wp-content\\\/uploads\\\/toksetlogo_musta-1.png\",\"contentUrl\":\"https:\\\/\\\/tokset.com\\\/wp-content\\\/uploads\\\/toksetlogo_musta-1.png\",\"width\":649,\"height\":222,\"caption\":\"Tokset Oy\"},\"image\":{\"@id\":\"https:\\\/\\\/tokset.com\\\/en\\\/#\\\/schema\\\/logo\\\/image\\\/\"},\"sameAs\":[\"https:\\\/\\\/www.facebook.com\\\/ToksetOy\\\/\"]}]}<\/script>\n<!-- \/ Yoast SEO plugin. -->","yoast_head_json":{"title":"Steam Cleaners | Tokset Oy","description":"Tervetuloa tutustumaan H\u00f6yrypesurit -sivuun! Klikkaamalla p\u00e4\u00e4set tutustumaan paremmin t\u00e4ydellisen pesun takaaviin h\u00f6yrypesureihin!","robots":{"index":"index","follow":"follow","max-snippet":"max-snippet:-1","max-image-preview":"max-image-preview:large","max-video-preview":"max-video-preview:-1"},"canonical":"https:\/\/tokset.com\/en\/steam-cleaners\/","og_locale":"en_US","og_type":"article","og_title":"Steam Cleaners | Tokset Oy","og_description":"Tervetuloa tutustumaan H\u00f6yrypesurit -sivuun! Klikkaamalla p\u00e4\u00e4set tutustumaan paremmin t\u00e4ydellisen pesun takaaviin h\u00f6yrypesureihin!","og_url":"https:\/\/tokset.com\/en\/steam-cleaners\/","og_site_name":"Tokset Oy","article_publisher":"https:\/\/www.facebook.com\/ToksetOy\/","article_modified_time":"2023-12-20T10:38:55+00:00","og_image":[{"url":"https:\/\/tokset.com\/wp-content\/uploads\/pesuri.jpg","type":"","width":"","height":""}],"twitter_card":"summary_large_image","schema":{"@context":"https:\/\/schema.org","@graph":[{"@type":"WebPage","@id":"https:\/\/tokset.com\/en\/steam-cleaners\/","url":"https:\/\/tokset.com\/en\/steam-cleaners\/","name":"Steam Cleaners | Tokset Oy","isPartOf":{"@id":"https:\/\/tokset.com\/en\/#website"},"primaryImageOfPage":{"@id":"https:\/\/tokset.com\/en\/steam-cleaners\/#primaryimage"},"image":{"@id":"https:\/\/tokset.com\/en\/steam-cleaners\/#primaryimage"},"thumbnailUrl":"https:\/\/tokset.com\/wp-content\/uploads\/pesuri.jpg","datePublished":"2016-04-18T19:33:31+00:00","dateModified":"2023-12-20T10:38:55+00:00","description":"Tervetuloa tutustumaan H\u00f6yrypesurit -sivuun! Klikkaamalla p\u00e4\u00e4set tutustumaan paremmin t\u00e4ydellisen pesun takaaviin h\u00f6yrypesureihin!","breadcrumb":{"@id":"https:\/\/tokset.com\/en\/steam-cleaners\/#breadcrumb"},"inLanguage":"en-US","potentialAction":[{"@type":"ReadAction","target":["https:\/\/tokset.com\/en\/steam-cleaners\/"]}]},{"@type":"ImageObject","inLanguage":"en-US","@id":"https:\/\/tokset.com\/en\/steam-cleaners\/#primaryimage","url":"https:\/\/tokset.com\/wp-content\/uploads\/pesuri.jpg","contentUrl":"https:\/\/tokset.com\/wp-content\/uploads\/pesuri.jpg"},{"@type":"BreadcrumbList","@id":"https:\/\/tokset.com\/en\/steam-cleaners\/#breadcrumb","itemListElement":[{"@type":"ListItem","position":1,"name":"Etusivu","item":"https:\/\/tokset.com\/en\/"},{"@type":"ListItem","position":2,"name":"Steam Cleaners"}]},{"@type":"WebSite","@id":"https:\/\/tokset.com\/en\/#website","url":"https:\/\/tokset.com\/en\/","name":"Tokset Oy","description":"Paloturvalliset tuhka- ja roska-astiat","publisher":{"@id":"https:\/\/tokset.com\/en\/#organization"},"potentialAction":[{"@type":"SearchAction","target":{"@type":"EntryPoint","urlTemplate":"https:\/\/tokset.com\/en\/?s={search_term_string}"},"query-input":{"@type":"PropertyValueSpecification","valueRequired":true,"valueName":"search_term_string"}}],"inLanguage":"en-US"},{"@type":"Organization","@id":"https:\/\/tokset.com\/en\/#organization","name":"Tokset Oy","url":"https:\/\/tokset.com\/en\/","logo":{"@type":"ImageObject","inLanguage":"en-US","@id":"https:\/\/tokset.com\/en\/#\/schema\/logo\/image\/","url":"https:\/\/tokset.com\/wp-content\/uploads\/toksetlogo_musta-1.png","contentUrl":"https:\/\/tokset.com\/wp-content\/uploads\/toksetlogo_musta-1.png","width":649,"height":222,"caption":"Tokset Oy"},"image":{"@id":"https:\/\/tokset.com\/en\/#\/schema\/logo\/image\/"},"sameAs":["https:\/\/www.facebook.com\/ToksetOy\/"]}]}},"uagb_featured_image_src":{"full":false,"thumbnail":false,"medium":false,"medium_large":false,"large":false,"1536x1536":false,"2048x2048":false,"sidebar-featured":false,"genesis-singular-images":false,"woocommerce_thumbnail":false,"woocommerce_single":false,"woocommerce_gallery_thumbnail":false},"uagb_author_info":{"display_name":"Tokset Oy","author_link":"https:\/\/tokset.com\/en\/author\/tokset\/"},"uagb_comment_info":0,"uagb_excerpt":null,"_links":{"self":[{"href":"https:\/\/tokset.com\/en\/wp-json\/wp\/v2\/pages\/301","targetHints":{"allow":["GET"]}}],"collection":[{"href":"https:\/\/tokset.com\/en\/wp-json\/wp\/v2\/pages"}],"about":[{"href":"https:\/\/tokset.com\/en\/wp-json\/wp\/v2\/types\/page"}],"author":[{"embeddable":true,"href":"https:\/\/tokset.com\/en\/wp-json\/wp\/v2\/users\/3"}],"replies":[{"embeddable":true,"href":"https:\/\/tokset.com\/en\/wp-json\/wp\/v2\/comments?post=301"}],"version-history":[{"count":0,"href":"https:\/\/tokset.com\/en\/wp-json\/wp\/v2\/pages\/301\/revisions"}],"wp:attachment":[{"href":"https:\/\/tokset.com\/en\/wp-json\/wp\/v2\/media?parent=301"}],"curies":[{"name":"wp","href":"https:\/\/api.w.org\/{rel}","templated":true}]}}