{"id":1242,"date":"2016-05-12T12:30:36","date_gmt":"2016-12-21T08:21:17","guid":{"rendered":"https:\/\/tokset.com\/\/en\/?post_type=product&#038;p=1242"},"modified":"2017-01-05T12:39:29","modified_gmt":"2017-01-05T10:39:29","slug":"60-700ms-safe-bin-l","status":"publish","type":"product","link":"https:\/\/tokset.com\/en\/products\/waste-bins-powder-coated\/60-700ms-safe-bin-l\/","title":{"rendered":"Safe Bin L 60 liter"},"content":{"rendered":"<p>Technical data:<\/p>\n<p>Code: 60-700MS<br \/>\nLenght: 700 mm<br \/>\nWidth: 375 mm<br \/>\nWeight: 16 kg<br \/>\nVolume: 60 l<br \/>\nColor: All RAL colors<\/p>\n","protected":false},"excerpt":{"rendered":"<p>Safe Bin L<br \/>\nwall mounted, galvanized steel painted in all RAL colours, inner bin (60 L) of marine aluminium for easy and safe emptying, good design, solid construction, triangular lock and key; weight 16 kg<\/p>\n","protected":false},"featured_media":690,"template":"","meta":{"_uag_custom_page_level_css":"","_genesis_hide_title":false,"_genesis_hide_breadcrumbs":false,"_genesis_hide_singular_image":false,"_genesis_hide_footer_widgets":false,"_genesis_custom_body_class":"","_genesis_custom_post_class":"","_genesis_layout":"","ngg_post_thumbnail":0},"product_brand":[],"product_cat":[24],"product_tag":[],"class_list":{"0":"post-1242","1":"product","2":"type-product","3":"status-publish","4":"has-post-thumbnail","6":"product_cat-waste-bins-powder-coated","7":"entry","9":"first","10":"instock","11":"shipping-taxable","12":"product-type-simple"},"yoast_head":"<!-- This site is optimized with the Yoast SEO plugin v27.3 - https:\/\/yoast.com\/product\/yoast-seo-wordpress\/ -->\n<title>Safe Bin L 60 liter | Tokset Oy<\/title>\n<meta name=\"description\" content=\"Maalatut roska-astiat ovat pulverimaalattu UV-s\u00e4teilyn- ja s\u00e4\u00e4n kest\u00e4viksi. Paloturvalliset kest\u00e4v\u00e4t roska-astiat sis\u00e4- ja ulkotiloihin.\" \/>\n<meta name=\"robots\" content=\"index, follow, max-snippet:-1, max-image-preview:large, max-video-preview:-1\" \/>\n<link rel=\"canonical\" href=\"https:\/\/tokset.com\/en\/products\/waste-bins-powder-coated\/60-700ms-safe-bin-l\/\" \/>\n<meta property=\"og:locale\" content=\"en_US\" \/>\n<meta property=\"og:type\" content=\"article\" \/>\n<meta property=\"og:title\" content=\"Safe Bin L 60 liter | Tokset Oy\" \/>\n<meta property=\"og:description\" content=\"Maalatut roska-astiat ovat pulverimaalattu UV-s\u00e4teilyn- ja s\u00e4\u00e4n kest\u00e4viksi. Paloturvalliset kest\u00e4v\u00e4t roska-astiat sis\u00e4- ja ulkotiloihin.\" \/>\n<meta property=\"og:url\" content=\"https:\/\/tokset.com\/en\/products\/waste-bins-powder-coated\/60-700ms-safe-bin-l\/\" \/>\n<meta property=\"og:site_name\" content=\"Tokset Oy\" \/>\n<meta property=\"article:publisher\" content=\"https:\/\/www.facebook.com\/ToksetOy\/\" \/>\n<meta property=\"article:modified_time\" content=\"2017-01-05T10:39:29+00:00\" \/>\n<meta property=\"og:image\" content=\"https:\/\/tokset.com\/wp-content\/uploads\/60-700MS.jpg\" \/>\n\t<meta property=\"og:image:width\" content=\"152\" \/>\n\t<meta property=\"og:image:height\" content=\"300\" \/>\n\t<meta property=\"og:image:type\" content=\"image\/jpeg\" \/>\n<meta name=\"twitter:card\" content=\"summary_large_image\" \/>\n<script type=\"application\/ld+json\" class=\"yoast-schema-graph\">{\"@context\":\"https:\\\/\\\/schema.org\",\"@graph\":[{\"@type\":\"WebPage\",\"@id\":\"https:\\\/\\\/tokset.com\\\/en\\\/products\\\/waste-bins-powder-coated\\\/60-700ms-safe-bin-l\\\/\",\"url\":\"https:\\\/\\\/tokset.com\\\/en\\\/products\\\/waste-bins-powder-coated\\\/60-700ms-safe-bin-l\\\/\",\"name\":\"Safe Bin L 60 liter | Tokset Oy\",\"isPartOf\":{\"@id\":\"https:\\\/\\\/tokset.com\\\/en\\\/#website\"},\"primaryImageOfPage\":{\"@id\":\"https:\\\/\\\/tokset.com\\\/en\\\/products\\\/waste-bins-powder-coated\\\/60-700ms-safe-bin-l\\\/#primaryimage\"},\"image\":{\"@id\":\"https:\\\/\\\/tokset.com\\\/en\\\/products\\\/waste-bins-powder-coated\\\/60-700ms-safe-bin-l\\\/#primaryimage\"},\"thumbnailUrl\":\"https:\\\/\\\/tokset.com\\\/wp-content\\\/uploads\\\/60-700MS.jpg\",\"datePublished\":\"2016-12-21T08:21:17+00:00\",\"dateModified\":\"2017-01-05T10:39:29+00:00\",\"description\":\"Maalatut roska-astiat ovat pulverimaalattu UV-s\u00e4teilyn- ja s\u00e4\u00e4n kest\u00e4viksi. Paloturvalliset kest\u00e4v\u00e4t roska-astiat sis\u00e4- ja ulkotiloihin.\",\"breadcrumb\":{\"@id\":\"https:\\\/\\\/tokset.com\\\/en\\\/products\\\/waste-bins-powder-coated\\\/60-700ms-safe-bin-l\\\/#breadcrumb\"},\"inLanguage\":\"en-US\",\"potentialAction\":[{\"@type\":\"ReadAction\",\"target\":[\"https:\\\/\\\/tokset.com\\\/en\\\/products\\\/waste-bins-powder-coated\\\/60-700ms-safe-bin-l\\\/\"]}]},{\"@type\":\"ImageObject\",\"inLanguage\":\"en-US\",\"@id\":\"https:\\\/\\\/tokset.com\\\/en\\\/products\\\/waste-bins-powder-coated\\\/60-700ms-safe-bin-l\\\/#primaryimage\",\"url\":\"https:\\\/\\\/tokset.com\\\/wp-content\\\/uploads\\\/60-700MS.jpg\",\"contentUrl\":\"https:\\\/\\\/tokset.com\\\/wp-content\\\/uploads\\\/60-700MS.jpg\",\"width\":152,\"height\":300,\"caption\":\"Roska-astia 60 litraa\"},{\"@type\":\"BreadcrumbList\",\"@id\":\"https:\\\/\\\/tokset.com\\\/en\\\/products\\\/waste-bins-powder-coated\\\/60-700ms-safe-bin-l\\\/#breadcrumb\",\"itemListElement\":[{\"@type\":\"ListItem\",\"position\":1,\"name\":\"Etusivu\",\"item\":\"https:\\\/\\\/tokset.com\\\/en\\\/\"},{\"@type\":\"ListItem\",\"position\":2,\"name\":\"PRODUCTS\",\"item\":\"https:\\\/\\\/tokset.com\\\/en\\\/products\\\/\"},{\"@type\":\"ListItem\",\"position\":3,\"name\":\"Safe Bin L 60 liter\"}]},{\"@type\":\"WebSite\",\"@id\":\"https:\\\/\\\/tokset.com\\\/en\\\/#website\",\"url\":\"https:\\\/\\\/tokset.com\\\/en\\\/\",\"name\":\"Tokset Oy\",\"description\":\"Paloturvalliset tuhka- ja roska-astiat\",\"publisher\":{\"@id\":\"https:\\\/\\\/tokset.com\\\/en\\\/#organization\"},\"potentialAction\":[{\"@type\":\"SearchAction\",\"target\":{\"@type\":\"EntryPoint\",\"urlTemplate\":\"https:\\\/\\\/tokset.com\\\/en\\\/?s={search_term_string}\"},\"query-input\":{\"@type\":\"PropertyValueSpecification\",\"valueRequired\":true,\"valueName\":\"search_term_string\"}}],\"inLanguage\":\"en-US\"},{\"@type\":\"Organization\",\"@id\":\"https:\\\/\\\/tokset.com\\\/en\\\/#organization\",\"name\":\"Tokset Oy\",\"url\":\"https:\\\/\\\/tokset.com\\\/en\\\/\",\"logo\":{\"@type\":\"ImageObject\",\"inLanguage\":\"en-US\",\"@id\":\"https:\\\/\\\/tokset.com\\\/en\\\/#\\\/schema\\\/logo\\\/image\\\/\",\"url\":\"https:\\\/\\\/tokset.com\\\/wp-content\\\/uploads\\\/toksetlogo_musta-1.png\",\"contentUrl\":\"https:\\\/\\\/tokset.com\\\/wp-content\\\/uploads\\\/toksetlogo_musta-1.png\",\"width\":649,\"height\":222,\"caption\":\"Tokset Oy\"},\"image\":{\"@id\":\"https:\\\/\\\/tokset.com\\\/en\\\/#\\\/schema\\\/logo\\\/image\\\/\"},\"sameAs\":[\"https:\\\/\\\/www.facebook.com\\\/ToksetOy\\\/\"]}]}<\/script>\n<!-- \/ Yoast SEO plugin. -->","yoast_head_json":{"title":"Safe Bin L 60 liter | Tokset Oy","description":"Maalatut roska-astiat ovat pulverimaalattu UV-s\u00e4teilyn- ja s\u00e4\u00e4n kest\u00e4viksi. Paloturvalliset kest\u00e4v\u00e4t roska-astiat sis\u00e4- ja ulkotiloihin.","robots":{"index":"index","follow":"follow","max-snippet":"max-snippet:-1","max-image-preview":"max-image-preview:large","max-video-preview":"max-video-preview:-1"},"canonical":"https:\/\/tokset.com\/en\/products\/waste-bins-powder-coated\/60-700ms-safe-bin-l\/","og_locale":"en_US","og_type":"article","og_title":"Safe Bin L 60 liter | Tokset Oy","og_description":"Maalatut roska-astiat ovat pulverimaalattu UV-s\u00e4teilyn- ja s\u00e4\u00e4n kest\u00e4viksi. Paloturvalliset kest\u00e4v\u00e4t roska-astiat sis\u00e4- ja ulkotiloihin.","og_url":"https:\/\/tokset.com\/en\/products\/waste-bins-powder-coated\/60-700ms-safe-bin-l\/","og_site_name":"Tokset Oy","article_publisher":"https:\/\/www.facebook.com\/ToksetOy\/","article_modified_time":"2017-01-05T10:39:29+00:00","og_image":[{"width":152,"height":300,"url":"https:\/\/tokset.com\/wp-content\/uploads\/60-700MS.jpg","type":"image\/jpeg"}],"twitter_card":"summary_large_image","schema":{"@context":"https:\/\/schema.org","@graph":[{"@type":"WebPage","@id":"https:\/\/tokset.com\/en\/products\/waste-bins-powder-coated\/60-700ms-safe-bin-l\/","url":"https:\/\/tokset.com\/en\/products\/waste-bins-powder-coated\/60-700ms-safe-bin-l\/","name":"Safe Bin L 60 liter | Tokset Oy","isPartOf":{"@id":"https:\/\/tokset.com\/en\/#website"},"primaryImageOfPage":{"@id":"https:\/\/tokset.com\/en\/products\/waste-bins-powder-coated\/60-700ms-safe-bin-l\/#primaryimage"},"image":{"@id":"https:\/\/tokset.com\/en\/products\/waste-bins-powder-coated\/60-700ms-safe-bin-l\/#primaryimage"},"thumbnailUrl":"https:\/\/tokset.com\/wp-content\/uploads\/60-700MS.jpg","datePublished":"2016-12-21T08:21:17+00:00","dateModified":"2017-01-05T10:39:29+00:00","description":"Maalatut roska-astiat ovat pulverimaalattu UV-s\u00e4teilyn- ja s\u00e4\u00e4n kest\u00e4viksi. Paloturvalliset kest\u00e4v\u00e4t roska-astiat sis\u00e4- ja ulkotiloihin.","breadcrumb":{"@id":"https:\/\/tokset.com\/en\/products\/waste-bins-powder-coated\/60-700ms-safe-bin-l\/#breadcrumb"},"inLanguage":"en-US","potentialAction":[{"@type":"ReadAction","target":["https:\/\/tokset.com\/en\/products\/waste-bins-powder-coated\/60-700ms-safe-bin-l\/"]}]},{"@type":"ImageObject","inLanguage":"en-US","@id":"https:\/\/tokset.com\/en\/products\/waste-bins-powder-coated\/60-700ms-safe-bin-l\/#primaryimage","url":"https:\/\/tokset.com\/wp-content\/uploads\/60-700MS.jpg","contentUrl":"https:\/\/tokset.com\/wp-content\/uploads\/60-700MS.jpg","width":152,"height":300,"caption":"Roska-astia 60 litraa"},{"@type":"BreadcrumbList","@id":"https:\/\/tokset.com\/en\/products\/waste-bins-powder-coated\/60-700ms-safe-bin-l\/#breadcrumb","itemListElement":[{"@type":"ListItem","position":1,"name":"Etusivu","item":"https:\/\/tokset.com\/en\/"},{"@type":"ListItem","position":2,"name":"PRODUCTS","item":"https:\/\/tokset.com\/en\/products\/"},{"@type":"ListItem","position":3,"name":"Safe Bin L 60 liter"}]},{"@type":"WebSite","@id":"https:\/\/tokset.com\/en\/#website","url":"https:\/\/tokset.com\/en\/","name":"Tokset Oy","description":"Paloturvalliset tuhka- ja roska-astiat","publisher":{"@id":"https:\/\/tokset.com\/en\/#organization"},"potentialAction":[{"@type":"SearchAction","target":{"@type":"EntryPoint","urlTemplate":"https:\/\/tokset.com\/en\/?s={search_term_string}"},"query-input":{"@type":"PropertyValueSpecification","valueRequired":true,"valueName":"search_term_string"}}],"inLanguage":"en-US"},{"@type":"Organization","@id":"https:\/\/tokset.com\/en\/#organization","name":"Tokset Oy","url":"https:\/\/tokset.com\/en\/","logo":{"@type":"ImageObject","inLanguage":"en-US","@id":"https:\/\/tokset.com\/en\/#\/schema\/logo\/image\/","url":"https:\/\/tokset.com\/wp-content\/uploads\/toksetlogo_musta-1.png","contentUrl":"https:\/\/tokset.com\/wp-content\/uploads\/toksetlogo_musta-1.png","width":649,"height":222,"caption":"Tokset Oy"},"image":{"@id":"https:\/\/tokset.com\/en\/#\/schema\/logo\/image\/"},"sameAs":["https:\/\/www.facebook.com\/ToksetOy\/"]}]}},"uagb_featured_image_src":{"full":["https:\/\/tokset.com\/wp-content\/uploads\/60-700MS.jpg",152,300,false],"thumbnail":["https:\/\/tokset.com\/wp-content\/uploads\/60-700MS.jpg",76,150,false],"medium":["https:\/\/tokset.com\/wp-content\/uploads\/60-700MS.jpg",152,300,false],"medium_large":["https:\/\/tokset.com\/wp-content\/uploads\/60-700MS.jpg",152,300,false],"large":["https:\/\/tokset.com\/wp-content\/uploads\/60-700MS.jpg",152,300,false],"1536x1536":["https:\/\/tokset.com\/wp-content\/uploads\/60-700MS.jpg",152,300,false],"2048x2048":["https:\/\/tokset.com\/wp-content\/uploads\/60-700MS.jpg",152,300,false],"sidebar-featured":["https:\/\/tokset.com\/wp-content\/uploads\/60-700MS.jpg",38,75,false],"genesis-singular-images":["https:\/\/tokset.com\/wp-content\/uploads\/60-700MS.jpg",152,300,false],"woocommerce_thumbnail":["https:\/\/tokset.com\/wp-content\/uploads\/60-700MS.jpg",152,300,false],"woocommerce_single":["https:\/\/tokset.com\/wp-content\/uploads\/60-700MS.jpg",152,300,false],"woocommerce_gallery_thumbnail":["https:\/\/tokset.com\/wp-content\/uploads\/60-700MS-152x180.jpg",152,180,true]},"uagb_author_info":{"display_name":"Tokset Oy","author_link":"https:\/\/tokset.com\/en\/author\/"},"uagb_comment_info":0,"uagb_excerpt":"Safe Bin L wall mounted, galvanized steel painted in all RAL colours, inner bin (60 L) of marine aluminium for easy and safe emptying, good design, solid construction, triangular lock and key; weight 16 kg","_links":{"self":[{"href":"https:\/\/tokset.com\/en\/wp-json\/wp\/v2\/product\/1242","targetHints":{"allow":["GET"]}}],"collection":[{"href":"https:\/\/tokset.com\/en\/wp-json\/wp\/v2\/product"}],"about":[{"href":"https:\/\/tokset.com\/en\/wp-json\/wp\/v2\/types\/product"}],"wp:featuredmedia":[{"embeddable":true,"href":"https:\/\/tokset.com\/en\/wp-json\/wp\/v2\/media\/690"}],"wp:attachment":[{"href":"https:\/\/tokset.com\/en\/wp-json\/wp\/v2\/media?parent=1242"}],"wp:term":[{"taxonomy":"product_brand","embeddable":true,"href":"https:\/\/tokset.com\/en\/wp-json\/wp\/v2\/product_brand?post=1242"},{"taxonomy":"product_cat","embeddable":true,"href":"https:\/\/tokset.com\/en\/wp-json\/wp\/v2\/product_cat?post=1242"},{"taxonomy":"product_tag","embeddable":true,"href":"https:\/\/tokset.com\/en\/wp-json\/wp\/v2\/product_tag?post=1242"}],"curies":[{"name":"wp","href":"https:\/\/api.w.org\/{rel}","templated":true}]}}