{"id":1253,"date":"2016-06-08T15:06:20","date_gmt":"2016-06-08T12:06:20","guid":{"rendered":"https:\/\/tokset.com\/\/tuotteet\/Ei-luokiteltu\/safe-bin-100l\/"},"modified":"2017-01-04T11:00:21","modified_gmt":"2017-01-04T09:00:21","slug":"safe-bin-100l","status":"publish","type":"product","link":"https:\/\/tokset.com\/en\/products\/waste-bins-stainless\/safe-bin-100l\/","title":{"rendered":"Safe Bin 100L"},"content":{"rendered":"<p>Technical data:<\/p>\n<ul>\n<li>Code: 100-850 K<\/li>\n<li>Lenght: 850 mm<\/li>\n<li>Witdh: 500 mm<\/li>\n<li>Volume: 100 l<\/li>\n<li>Weight: 30 kg<\/li>\n<li>Color:-<\/li>\n<\/ul>\n","protected":false},"excerpt":{"rendered":"<p>Safe\u00a0 Bin 100 L<\/p>\n<p>Wall mounted, staineless steel, inner bin marine aluminium for safe and easysy emtynig, good desing, fire safety features, triangular lock and key.<\/p>\n<p>&nbsp;<\/p>\n","protected":false},"featured_media":919,"template":"","meta":{"_uag_custom_page_level_css":"","_genesis_hide_title":false,"_genesis_hide_breadcrumbs":false,"_genesis_hide_singular_image":false,"_genesis_hide_footer_widgets":false,"_genesis_custom_body_class":"","_genesis_custom_post_class":"","_genesis_layout":"","ngg_post_thumbnail":0},"product_brand":[],"product_cat":[23],"product_tag":[],"class_list":{"0":"post-1253","1":"product","2":"type-product","3":"status-publish","4":"has-post-thumbnail","6":"product_cat-waste-bins-stainless","7":"entry","9":"first","10":"instock","11":"shipping-taxable","12":"product-type-simple"},"yoast_head":"<!-- This site is optimized with the Yoast SEO plugin v27.3 - https:\/\/yoast.com\/product\/yoast-seo-wordpress\/ -->\n<title>Safe Bin 100L | Tokset Oy on kotimainen valmistaja<\/title>\n<meta name=\"description\" content=\"Laadukkaasta materiaalista valmistetut paloturvalliset roska-astiat. Tutustu tuotteisiimme ja ota yhteytt\u00e4! Kest\u00e4v\u00e4t roska-astiat sis\u00e4- ja ulkotiloihin.\" \/>\n<meta name=\"robots\" content=\"index, follow, max-snippet:-1, max-image-preview:large, max-video-preview:-1\" \/>\n<link rel=\"canonical\" href=\"https:\/\/tokset.com\/en\/products\/waste-bins-stainless\/safe-bin-100l\/\" \/>\n<meta property=\"og:locale\" content=\"en_US\" \/>\n<meta property=\"og:type\" content=\"article\" \/>\n<meta property=\"og:title\" content=\"Safe Bin 100L | Tokset Oy on kotimainen valmistaja\" \/>\n<meta property=\"og:description\" content=\"Laadukkaasta materiaalista valmistetut paloturvalliset roska-astiat. Tutustu tuotteisiimme ja ota yhteytt\u00e4! Kest\u00e4v\u00e4t roska-astiat sis\u00e4- ja ulkotiloihin.\" \/>\n<meta property=\"og:url\" content=\"https:\/\/tokset.com\/en\/products\/waste-bins-stainless\/safe-bin-100l\/\" \/>\n<meta property=\"og:site_name\" content=\"Tokset Oy\" \/>\n<meta property=\"article:publisher\" content=\"https:\/\/www.facebook.com\/ToksetOy\/\" \/>\n<meta property=\"article:modified_time\" content=\"2017-01-04T09:00:21+00:00\" \/>\n<meta property=\"og:image\" content=\"https:\/\/tokset.com\/wp-content\/uploads\/unnamed-20.jpg\" \/>\n\t<meta property=\"og:image:width\" content=\"528\" \/>\n\t<meta property=\"og:image:height\" content=\"849\" \/>\n\t<meta property=\"og:image:type\" content=\"image\/jpeg\" \/>\n<meta name=\"twitter:card\" content=\"summary_large_image\" \/>\n<script type=\"application\/ld+json\" class=\"yoast-schema-graph\">{\"@context\":\"https:\\\/\\\/schema.org\",\"@graph\":[{\"@type\":\"WebPage\",\"@id\":\"https:\\\/\\\/tokset.com\\\/en\\\/products\\\/waste-bins-stainless\\\/safe-bin-100l\\\/\",\"url\":\"https:\\\/\\\/tokset.com\\\/en\\\/products\\\/waste-bins-stainless\\\/safe-bin-100l\\\/\",\"name\":\"Safe Bin 100L | Tokset Oy on kotimainen valmistaja\",\"isPartOf\":{\"@id\":\"https:\\\/\\\/tokset.com\\\/en\\\/#website\"},\"primaryImageOfPage\":{\"@id\":\"https:\\\/\\\/tokset.com\\\/en\\\/products\\\/waste-bins-stainless\\\/safe-bin-100l\\\/#primaryimage\"},\"image\":{\"@id\":\"https:\\\/\\\/tokset.com\\\/en\\\/products\\\/waste-bins-stainless\\\/safe-bin-100l\\\/#primaryimage\"},\"thumbnailUrl\":\"https:\\\/\\\/tokset.com\\\/wp-content\\\/uploads\\\/unnamed-20.jpg\",\"datePublished\":\"2016-06-08T12:06:20+00:00\",\"dateModified\":\"2017-01-04T09:00:21+00:00\",\"description\":\"Laadukkaasta materiaalista valmistetut paloturvalliset roska-astiat. Tutustu tuotteisiimme ja ota yhteytt\u00e4! Kest\u00e4v\u00e4t roska-astiat sis\u00e4- ja ulkotiloihin.\",\"breadcrumb\":{\"@id\":\"https:\\\/\\\/tokset.com\\\/en\\\/products\\\/waste-bins-stainless\\\/safe-bin-100l\\\/#breadcrumb\"},\"inLanguage\":\"en-US\",\"potentialAction\":[{\"@type\":\"ReadAction\",\"target\":[\"https:\\\/\\\/tokset.com\\\/en\\\/products\\\/waste-bins-stainless\\\/safe-bin-100l\\\/\"]}]},{\"@type\":\"ImageObject\",\"inLanguage\":\"en-US\",\"@id\":\"https:\\\/\\\/tokset.com\\\/en\\\/products\\\/waste-bins-stainless\\\/safe-bin-100l\\\/#primaryimage\",\"url\":\"https:\\\/\\\/tokset.com\\\/wp-content\\\/uploads\\\/unnamed-20.jpg\",\"contentUrl\":\"https:\\\/\\\/tokset.com\\\/wp-content\\\/uploads\\\/unnamed-20.jpg\",\"width\":528,\"height\":849,\"caption\":\"Roska-astia 100 L\"},{\"@type\":\"BreadcrumbList\",\"@id\":\"https:\\\/\\\/tokset.com\\\/en\\\/products\\\/waste-bins-stainless\\\/safe-bin-100l\\\/#breadcrumb\",\"itemListElement\":[{\"@type\":\"ListItem\",\"position\":1,\"name\":\"Etusivu\",\"item\":\"https:\\\/\\\/tokset.com\\\/en\\\/\"},{\"@type\":\"ListItem\",\"position\":2,\"name\":\"PRODUCTS\",\"item\":\"https:\\\/\\\/tokset.com\\\/en\\\/products\\\/\"},{\"@type\":\"ListItem\",\"position\":3,\"name\":\"Safe Bin 100L\"}]},{\"@type\":\"WebSite\",\"@id\":\"https:\\\/\\\/tokset.com\\\/en\\\/#website\",\"url\":\"https:\\\/\\\/tokset.com\\\/en\\\/\",\"name\":\"Tokset Oy\",\"description\":\"Paloturvalliset tuhka- ja roska-astiat\",\"publisher\":{\"@id\":\"https:\\\/\\\/tokset.com\\\/en\\\/#organization\"},\"potentialAction\":[{\"@type\":\"SearchAction\",\"target\":{\"@type\":\"EntryPoint\",\"urlTemplate\":\"https:\\\/\\\/tokset.com\\\/en\\\/?s={search_term_string}\"},\"query-input\":{\"@type\":\"PropertyValueSpecification\",\"valueRequired\":true,\"valueName\":\"search_term_string\"}}],\"inLanguage\":\"en-US\"},{\"@type\":\"Organization\",\"@id\":\"https:\\\/\\\/tokset.com\\\/en\\\/#organization\",\"name\":\"Tokset Oy\",\"url\":\"https:\\\/\\\/tokset.com\\\/en\\\/\",\"logo\":{\"@type\":\"ImageObject\",\"inLanguage\":\"en-US\",\"@id\":\"https:\\\/\\\/tokset.com\\\/en\\\/#\\\/schema\\\/logo\\\/image\\\/\",\"url\":\"https:\\\/\\\/tokset.com\\\/wp-content\\\/uploads\\\/toksetlogo_musta-1.png\",\"contentUrl\":\"https:\\\/\\\/tokset.com\\\/wp-content\\\/uploads\\\/toksetlogo_musta-1.png\",\"width\":649,\"height\":222,\"caption\":\"Tokset Oy\"},\"image\":{\"@id\":\"https:\\\/\\\/tokset.com\\\/en\\\/#\\\/schema\\\/logo\\\/image\\\/\"},\"sameAs\":[\"https:\\\/\\\/www.facebook.com\\\/ToksetOy\\\/\"]}]}<\/script>\n<!-- \/ Yoast SEO plugin. -->","yoast_head_json":{"title":"Safe Bin 100L | Tokset Oy on kotimainen valmistaja","description":"Laadukkaasta materiaalista valmistetut paloturvalliset roska-astiat. Tutustu tuotteisiimme ja ota yhteytt\u00e4! Kest\u00e4v\u00e4t roska-astiat sis\u00e4- ja ulkotiloihin.","robots":{"index":"index","follow":"follow","max-snippet":"max-snippet:-1","max-image-preview":"max-image-preview:large","max-video-preview":"max-video-preview:-1"},"canonical":"https:\/\/tokset.com\/en\/products\/waste-bins-stainless\/safe-bin-100l\/","og_locale":"en_US","og_type":"article","og_title":"Safe Bin 100L | Tokset Oy on kotimainen valmistaja","og_description":"Laadukkaasta materiaalista valmistetut paloturvalliset roska-astiat. Tutustu tuotteisiimme ja ota yhteytt\u00e4! Kest\u00e4v\u00e4t roska-astiat sis\u00e4- ja ulkotiloihin.","og_url":"https:\/\/tokset.com\/en\/products\/waste-bins-stainless\/safe-bin-100l\/","og_site_name":"Tokset Oy","article_publisher":"https:\/\/www.facebook.com\/ToksetOy\/","article_modified_time":"2017-01-04T09:00:21+00:00","og_image":[{"width":528,"height":849,"url":"https:\/\/tokset.com\/wp-content\/uploads\/unnamed-20.jpg","type":"image\/jpeg"}],"twitter_card":"summary_large_image","schema":{"@context":"https:\/\/schema.org","@graph":[{"@type":"WebPage","@id":"https:\/\/tokset.com\/en\/products\/waste-bins-stainless\/safe-bin-100l\/","url":"https:\/\/tokset.com\/en\/products\/waste-bins-stainless\/safe-bin-100l\/","name":"Safe Bin 100L | Tokset Oy on kotimainen valmistaja","isPartOf":{"@id":"https:\/\/tokset.com\/en\/#website"},"primaryImageOfPage":{"@id":"https:\/\/tokset.com\/en\/products\/waste-bins-stainless\/safe-bin-100l\/#primaryimage"},"image":{"@id":"https:\/\/tokset.com\/en\/products\/waste-bins-stainless\/safe-bin-100l\/#primaryimage"},"thumbnailUrl":"https:\/\/tokset.com\/wp-content\/uploads\/unnamed-20.jpg","datePublished":"2016-06-08T12:06:20+00:00","dateModified":"2017-01-04T09:00:21+00:00","description":"Laadukkaasta materiaalista valmistetut paloturvalliset roska-astiat. Tutustu tuotteisiimme ja ota yhteytt\u00e4! Kest\u00e4v\u00e4t roska-astiat sis\u00e4- ja ulkotiloihin.","breadcrumb":{"@id":"https:\/\/tokset.com\/en\/products\/waste-bins-stainless\/safe-bin-100l\/#breadcrumb"},"inLanguage":"en-US","potentialAction":[{"@type":"ReadAction","target":["https:\/\/tokset.com\/en\/products\/waste-bins-stainless\/safe-bin-100l\/"]}]},{"@type":"ImageObject","inLanguage":"en-US","@id":"https:\/\/tokset.com\/en\/products\/waste-bins-stainless\/safe-bin-100l\/#primaryimage","url":"https:\/\/tokset.com\/wp-content\/uploads\/unnamed-20.jpg","contentUrl":"https:\/\/tokset.com\/wp-content\/uploads\/unnamed-20.jpg","width":528,"height":849,"caption":"Roska-astia 100 L"},{"@type":"BreadcrumbList","@id":"https:\/\/tokset.com\/en\/products\/waste-bins-stainless\/safe-bin-100l\/#breadcrumb","itemListElement":[{"@type":"ListItem","position":1,"name":"Etusivu","item":"https:\/\/tokset.com\/en\/"},{"@type":"ListItem","position":2,"name":"PRODUCTS","item":"https:\/\/tokset.com\/en\/products\/"},{"@type":"ListItem","position":3,"name":"Safe Bin 100L"}]},{"@type":"WebSite","@id":"https:\/\/tokset.com\/en\/#website","url":"https:\/\/tokset.com\/en\/","name":"Tokset Oy","description":"Paloturvalliset tuhka- ja roska-astiat","publisher":{"@id":"https:\/\/tokset.com\/en\/#organization"},"potentialAction":[{"@type":"SearchAction","target":{"@type":"EntryPoint","urlTemplate":"https:\/\/tokset.com\/en\/?s={search_term_string}"},"query-input":{"@type":"PropertyValueSpecification","valueRequired":true,"valueName":"search_term_string"}}],"inLanguage":"en-US"},{"@type":"Organization","@id":"https:\/\/tokset.com\/en\/#organization","name":"Tokset Oy","url":"https:\/\/tokset.com\/en\/","logo":{"@type":"ImageObject","inLanguage":"en-US","@id":"https:\/\/tokset.com\/en\/#\/schema\/logo\/image\/","url":"https:\/\/tokset.com\/wp-content\/uploads\/toksetlogo_musta-1.png","contentUrl":"https:\/\/tokset.com\/wp-content\/uploads\/toksetlogo_musta-1.png","width":649,"height":222,"caption":"Tokset Oy"},"image":{"@id":"https:\/\/tokset.com\/en\/#\/schema\/logo\/image\/"},"sameAs":["https:\/\/www.facebook.com\/ToksetOy\/"]}]}},"uagb_featured_image_src":{"full":["https:\/\/tokset.com\/wp-content\/uploads\/unnamed-20.jpg",528,849,false],"thumbnail":["https:\/\/tokset.com\/wp-content\/uploads\/unnamed-20-e1465466624131-93x150.jpg",93,150,true],"medium":["https:\/\/tokset.com\/wp-content\/uploads\/unnamed-20-e1465466624131-186x300.jpg",186,300,true],"medium_large":["https:\/\/tokset.com\/wp-content\/uploads\/unnamed-20.jpg",528,849,false],"large":["https:\/\/tokset.com\/wp-content\/uploads\/unnamed-20.jpg",528,849,false],"1536x1536":["https:\/\/tokset.com\/wp-content\/uploads\/unnamed-20.jpg",528,849,false],"2048x2048":["https:\/\/tokset.com\/wp-content\/uploads\/unnamed-20.jpg",528,849,false],"sidebar-featured":["https:\/\/tokset.com\/wp-content\/uploads\/unnamed-20.jpg",47,75,false],"genesis-singular-images":["https:\/\/tokset.com\/wp-content\/uploads\/unnamed-20.jpg",336,540,false],"woocommerce_thumbnail":["https:\/\/tokset.com\/wp-content\/uploads\/unnamed-20-500x804.jpg",500,804,true],"woocommerce_single":["https:\/\/tokset.com\/wp-content\/uploads\/unnamed-20.jpg",528,849,false],"woocommerce_gallery_thumbnail":["https:\/\/tokset.com\/wp-content\/uploads\/unnamed-20-180x180.jpg",180,180,true]},"uagb_author_info":{"display_name":"Tokset Oy","author_link":"https:\/\/tokset.com\/en\/author\/"},"uagb_comment_info":0,"uagb_excerpt":"Safe\u00a0 Bin 100 L Wall mounted, staineless steel, inner bin marine aluminium for safe and easysy emtynig, good desing, fire safety features, triangular lock and key. &nbsp;","_links":{"self":[{"href":"https:\/\/tokset.com\/en\/wp-json\/wp\/v2\/product\/1253","targetHints":{"allow":["GET"]}}],"collection":[{"href":"https:\/\/tokset.com\/en\/wp-json\/wp\/v2\/product"}],"about":[{"href":"https:\/\/tokset.com\/en\/wp-json\/wp\/v2\/types\/product"}],"wp:featuredmedia":[{"embeddable":true,"href":"https:\/\/tokset.com\/en\/wp-json\/wp\/v2\/media\/919"}],"wp:attachment":[{"href":"https:\/\/tokset.com\/en\/wp-json\/wp\/v2\/media?parent=1253"}],"wp:term":[{"taxonomy":"product_brand","embeddable":true,"href":"https:\/\/tokset.com\/en\/wp-json\/wp\/v2\/product_brand?post=1253"},{"taxonomy":"product_cat","embeddable":true,"href":"https:\/\/tokset.com\/en\/wp-json\/wp\/v2\/product_cat?post=1253"},{"taxonomy":"product_tag","embeddable":true,"href":"https:\/\/tokset.com\/en\/wp-json\/wp\/v2\/product_tag?post=1253"}],"curies":[{"name":"wp","href":"https:\/\/api.w.org\/{rel}","templated":true}]}}