{"id":1261,"date":"2016-04-18T21:33:57","date_gmt":"2017-01-10T10:38:43","guid":{"rendered":"https:\/\/tokset.com\/\/en\/?post_type=product&#038;p=1261"},"modified":"2017-01-10T12:41:28","modified_gmt":"2017-01-10T10:41:28","slug":"combi-m-30-602ks","status":"publish","type":"product","link":"https:\/\/tokset.com\/en\/products\/combined-products-stainless\/combi-m-30-602ks\/","title":{"rendered":"Safe Bin Combi M 30 liter"},"content":{"rendered":"<div class=\"gca-column one-half first\"><ul>\n<li>Code: 30-602KS<\/li>\n<li>Lenhgt: 600 mm<\/li>\n<li>Width: 270 mm<\/li>\n<li>Weight: 11 kg<\/li>\n<li>Volume: 30 l<\/li>\n<li>&nbsp; Color:-<\/li>\n<\/ul><\/div><div class=\"gca-column one-half\"><img loading=\"lazy\" decoding=\"async\" class=\"alignnone size-medium wp-image-554\" src=\"https:\/\/tokset.com\/\/wp-content\/uploads\/30-602KS_tech-300x205.jpg\" alt=\"30-602KS_tech\" width=\"300\" height=\"205\"><\/div>\n","protected":false},"excerpt":{"rendered":"<p>Safe Bin Combi M<\/p>\n<p><img loading=\"lazy\" decoding=\"async\" class=\"alignright size-medium wp-image-932\" src=\"https:\/\/tokset.com\/\/wp-content\/uploads\/30-602KS-2-225x300.jpg\" alt=\"30-602KS\" width=\"225\" height=\"300\" srcset=\"https:\/\/tokset.com\/wp-content\/uploads\/30-602KS-2-225x300.jpg 225w, https:\/\/tokset.com\/wp-content\/uploads\/30-602KS-2-113x150.jpg 113w, https:\/\/tokset.com\/wp-content\/uploads\/30-602KS-2.jpg 300w\" sizes=\"auto, (max-width: 225px) 100vw, 225px\" \/><\/p>\n<p>Stainless steel,30-602ks-2-225&#215;300 inner bin (30 L) marine aluminium for safe and easy emtying, good design, fire safety features with separate Safe Tray for cigarettes (89 x 600 mm), triangular lock and key<\/p>\n<p>&nbsp;<\/p>\n","protected":false},"featured_media":379,"template":"","meta":{"_uag_custom_page_level_css":"","_genesis_hide_title":false,"_genesis_hide_breadcrumbs":false,"_genesis_hide_singular_image":false,"_genesis_hide_footer_widgets":false,"_genesis_custom_body_class":"","_genesis_custom_post_class":"","_genesis_layout":"","ngg_post_thumbnail":0},"product_brand":[],"product_cat":[27],"product_tag":[],"class_list":{"0":"post-1261","1":"product","2":"type-product","3":"status-publish","4":"has-post-thumbnail","6":"product_cat-combined-products-stainless","7":"entry","9":"first","10":"instock","11":"shipping-taxable","12":"product-type-simple"},"yoast_head":"<!-- This site is optimized with the Yoast SEO plugin v27.3 - https:\/\/yoast.com\/product\/yoast-seo-wordpress\/ -->\n<title>Safe Bin Combi M 30 liter | Tokset Oy<\/title>\n<meta name=\"description\" content=\"Laadukkaasta Aisi 304 rst materiaalista valmistetut paloturvalliset roska- ja tuhka-astiat. Kest\u00e4v\u00e4t roska-astiat sis\u00e4- ja ulkotiloihin.\" \/>\n<meta name=\"robots\" content=\"index, follow, max-snippet:-1, max-image-preview:large, max-video-preview:-1\" \/>\n<link rel=\"canonical\" href=\"https:\/\/tokset.com\/en\/products\/combined-products-stainless\/combi-m-30-602ks\/\" \/>\n<meta property=\"og:locale\" content=\"en_US\" \/>\n<meta property=\"og:type\" content=\"article\" \/>\n<meta property=\"og:title\" content=\"Safe Bin Combi M 30 liter | Tokset Oy\" \/>\n<meta property=\"og:description\" content=\"Laadukkaasta Aisi 304 rst materiaalista valmistetut paloturvalliset roska- ja tuhka-astiat. Kest\u00e4v\u00e4t roska-astiat sis\u00e4- ja ulkotiloihin.\" \/>\n<meta property=\"og:url\" content=\"https:\/\/tokset.com\/en\/products\/combined-products-stainless\/combi-m-30-602ks\/\" \/>\n<meta property=\"og:site_name\" content=\"Tokset Oy\" \/>\n<meta property=\"article:publisher\" content=\"https:\/\/www.facebook.com\/ToksetOy\/\" \/>\n<meta property=\"article:modified_time\" content=\"2017-01-10T10:41:28+00:00\" \/>\n<meta property=\"og:image\" content=\"https:\/\/tokset.com\/wp-content\/uploads\/30-602KS.jpg\" \/>\n\t<meta property=\"og:image:width\" content=\"181\" \/>\n\t<meta property=\"og:image:height\" content=\"300\" \/>\n\t<meta property=\"og:image:type\" content=\"image\/jpeg\" \/>\n<meta name=\"twitter:card\" content=\"summary_large_image\" \/>\n<script type=\"application\/ld+json\" class=\"yoast-schema-graph\">{\"@context\":\"https:\\\/\\\/schema.org\",\"@graph\":[{\"@type\":\"WebPage\",\"@id\":\"https:\\\/\\\/tokset.com\\\/en\\\/products\\\/combined-products-stainless\\\/combi-m-30-602ks\\\/\",\"url\":\"https:\\\/\\\/tokset.com\\\/en\\\/products\\\/combined-products-stainless\\\/combi-m-30-602ks\\\/\",\"name\":\"Safe Bin Combi M 30 liter | Tokset Oy\",\"isPartOf\":{\"@id\":\"https:\\\/\\\/tokset.com\\\/en\\\/#website\"},\"primaryImageOfPage\":{\"@id\":\"https:\\\/\\\/tokset.com\\\/en\\\/products\\\/combined-products-stainless\\\/combi-m-30-602ks\\\/#primaryimage\"},\"image\":{\"@id\":\"https:\\\/\\\/tokset.com\\\/en\\\/products\\\/combined-products-stainless\\\/combi-m-30-602ks\\\/#primaryimage\"},\"thumbnailUrl\":\"https:\\\/\\\/tokset.com\\\/wp-content\\\/uploads\\\/30-602KS.jpg\",\"datePublished\":\"2017-01-10T10:38:43+00:00\",\"dateModified\":\"2017-01-10T10:41:28+00:00\",\"description\":\"Laadukkaasta Aisi 304 rst materiaalista valmistetut paloturvalliset roska- ja tuhka-astiat. Kest\u00e4v\u00e4t roska-astiat sis\u00e4- ja ulkotiloihin.\",\"breadcrumb\":{\"@id\":\"https:\\\/\\\/tokset.com\\\/en\\\/products\\\/combined-products-stainless\\\/combi-m-30-602ks\\\/#breadcrumb\"},\"inLanguage\":\"en-US\",\"potentialAction\":[{\"@type\":\"ReadAction\",\"target\":[\"https:\\\/\\\/tokset.com\\\/en\\\/products\\\/combined-products-stainless\\\/combi-m-30-602ks\\\/\"]}]},{\"@type\":\"ImageObject\",\"inLanguage\":\"en-US\",\"@id\":\"https:\\\/\\\/tokset.com\\\/en\\\/products\\\/combined-products-stainless\\\/combi-m-30-602ks\\\/#primaryimage\",\"url\":\"https:\\\/\\\/tokset.com\\\/wp-content\\\/uploads\\\/30-602KS.jpg\",\"contentUrl\":\"https:\\\/\\\/tokset.com\\\/wp-content\\\/uploads\\\/30-602KS.jpg\",\"width\":181,\"height\":300,\"caption\":\"Roska-astia Combi M\"},{\"@type\":\"BreadcrumbList\",\"@id\":\"https:\\\/\\\/tokset.com\\\/en\\\/products\\\/combined-products-stainless\\\/combi-m-30-602ks\\\/#breadcrumb\",\"itemListElement\":[{\"@type\":\"ListItem\",\"position\":1,\"name\":\"Etusivu\",\"item\":\"https:\\\/\\\/tokset.com\\\/en\\\/\"},{\"@type\":\"ListItem\",\"position\":2,\"name\":\"PRODUCTS\",\"item\":\"https:\\\/\\\/tokset.com\\\/en\\\/products\\\/\"},{\"@type\":\"ListItem\",\"position\":3,\"name\":\"Safe Bin Combi M 30 liter\"}]},{\"@type\":\"WebSite\",\"@id\":\"https:\\\/\\\/tokset.com\\\/en\\\/#website\",\"url\":\"https:\\\/\\\/tokset.com\\\/en\\\/\",\"name\":\"Tokset Oy\",\"description\":\"Paloturvalliset tuhka- ja roska-astiat\",\"publisher\":{\"@id\":\"https:\\\/\\\/tokset.com\\\/en\\\/#organization\"},\"potentialAction\":[{\"@type\":\"SearchAction\",\"target\":{\"@type\":\"EntryPoint\",\"urlTemplate\":\"https:\\\/\\\/tokset.com\\\/en\\\/?s={search_term_string}\"},\"query-input\":{\"@type\":\"PropertyValueSpecification\",\"valueRequired\":true,\"valueName\":\"search_term_string\"}}],\"inLanguage\":\"en-US\"},{\"@type\":\"Organization\",\"@id\":\"https:\\\/\\\/tokset.com\\\/en\\\/#organization\",\"name\":\"Tokset Oy\",\"url\":\"https:\\\/\\\/tokset.com\\\/en\\\/\",\"logo\":{\"@type\":\"ImageObject\",\"inLanguage\":\"en-US\",\"@id\":\"https:\\\/\\\/tokset.com\\\/en\\\/#\\\/schema\\\/logo\\\/image\\\/\",\"url\":\"https:\\\/\\\/tokset.com\\\/wp-content\\\/uploads\\\/toksetlogo_musta-1.png\",\"contentUrl\":\"https:\\\/\\\/tokset.com\\\/wp-content\\\/uploads\\\/toksetlogo_musta-1.png\",\"width\":649,\"height\":222,\"caption\":\"Tokset Oy\"},\"image\":{\"@id\":\"https:\\\/\\\/tokset.com\\\/en\\\/#\\\/schema\\\/logo\\\/image\\\/\"},\"sameAs\":[\"https:\\\/\\\/www.facebook.com\\\/ToksetOy\\\/\"]}]}<\/script>\n<!-- \/ Yoast SEO plugin. -->","yoast_head_json":{"title":"Safe Bin Combi M 30 liter | Tokset Oy","description":"Laadukkaasta Aisi 304 rst materiaalista valmistetut paloturvalliset roska- ja tuhka-astiat. Kest\u00e4v\u00e4t roska-astiat sis\u00e4- ja ulkotiloihin.","robots":{"index":"index","follow":"follow","max-snippet":"max-snippet:-1","max-image-preview":"max-image-preview:large","max-video-preview":"max-video-preview:-1"},"canonical":"https:\/\/tokset.com\/en\/products\/combined-products-stainless\/combi-m-30-602ks\/","og_locale":"en_US","og_type":"article","og_title":"Safe Bin Combi M 30 liter | Tokset Oy","og_description":"Laadukkaasta Aisi 304 rst materiaalista valmistetut paloturvalliset roska- ja tuhka-astiat. Kest\u00e4v\u00e4t roska-astiat sis\u00e4- ja ulkotiloihin.","og_url":"https:\/\/tokset.com\/en\/products\/combined-products-stainless\/combi-m-30-602ks\/","og_site_name":"Tokset Oy","article_publisher":"https:\/\/www.facebook.com\/ToksetOy\/","article_modified_time":"2017-01-10T10:41:28+00:00","og_image":[{"width":181,"height":300,"url":"https:\/\/tokset.com\/wp-content\/uploads\/30-602KS.jpg","type":"image\/jpeg"}],"twitter_card":"summary_large_image","schema":{"@context":"https:\/\/schema.org","@graph":[{"@type":"WebPage","@id":"https:\/\/tokset.com\/en\/products\/combined-products-stainless\/combi-m-30-602ks\/","url":"https:\/\/tokset.com\/en\/products\/combined-products-stainless\/combi-m-30-602ks\/","name":"Safe Bin Combi M 30 liter | Tokset Oy","isPartOf":{"@id":"https:\/\/tokset.com\/en\/#website"},"primaryImageOfPage":{"@id":"https:\/\/tokset.com\/en\/products\/combined-products-stainless\/combi-m-30-602ks\/#primaryimage"},"image":{"@id":"https:\/\/tokset.com\/en\/products\/combined-products-stainless\/combi-m-30-602ks\/#primaryimage"},"thumbnailUrl":"https:\/\/tokset.com\/wp-content\/uploads\/30-602KS.jpg","datePublished":"2017-01-10T10:38:43+00:00","dateModified":"2017-01-10T10:41:28+00:00","description":"Laadukkaasta Aisi 304 rst materiaalista valmistetut paloturvalliset roska- ja tuhka-astiat. Kest\u00e4v\u00e4t roska-astiat sis\u00e4- ja ulkotiloihin.","breadcrumb":{"@id":"https:\/\/tokset.com\/en\/products\/combined-products-stainless\/combi-m-30-602ks\/#breadcrumb"},"inLanguage":"en-US","potentialAction":[{"@type":"ReadAction","target":["https:\/\/tokset.com\/en\/products\/combined-products-stainless\/combi-m-30-602ks\/"]}]},{"@type":"ImageObject","inLanguage":"en-US","@id":"https:\/\/tokset.com\/en\/products\/combined-products-stainless\/combi-m-30-602ks\/#primaryimage","url":"https:\/\/tokset.com\/wp-content\/uploads\/30-602KS.jpg","contentUrl":"https:\/\/tokset.com\/wp-content\/uploads\/30-602KS.jpg","width":181,"height":300,"caption":"Roska-astia Combi M"},{"@type":"BreadcrumbList","@id":"https:\/\/tokset.com\/en\/products\/combined-products-stainless\/combi-m-30-602ks\/#breadcrumb","itemListElement":[{"@type":"ListItem","position":1,"name":"Etusivu","item":"https:\/\/tokset.com\/en\/"},{"@type":"ListItem","position":2,"name":"PRODUCTS","item":"https:\/\/tokset.com\/en\/products\/"},{"@type":"ListItem","position":3,"name":"Safe Bin Combi M 30 liter"}]},{"@type":"WebSite","@id":"https:\/\/tokset.com\/en\/#website","url":"https:\/\/tokset.com\/en\/","name":"Tokset Oy","description":"Paloturvalliset tuhka- ja roska-astiat","publisher":{"@id":"https:\/\/tokset.com\/en\/#organization"},"potentialAction":[{"@type":"SearchAction","target":{"@type":"EntryPoint","urlTemplate":"https:\/\/tokset.com\/en\/?s={search_term_string}"},"query-input":{"@type":"PropertyValueSpecification","valueRequired":true,"valueName":"search_term_string"}}],"inLanguage":"en-US"},{"@type":"Organization","@id":"https:\/\/tokset.com\/en\/#organization","name":"Tokset Oy","url":"https:\/\/tokset.com\/en\/","logo":{"@type":"ImageObject","inLanguage":"en-US","@id":"https:\/\/tokset.com\/en\/#\/schema\/logo\/image\/","url":"https:\/\/tokset.com\/wp-content\/uploads\/toksetlogo_musta-1.png","contentUrl":"https:\/\/tokset.com\/wp-content\/uploads\/toksetlogo_musta-1.png","width":649,"height":222,"caption":"Tokset Oy"},"image":{"@id":"https:\/\/tokset.com\/en\/#\/schema\/logo\/image\/"},"sameAs":["https:\/\/www.facebook.com\/ToksetOy\/"]}]}},"uagb_featured_image_src":{"full":["https:\/\/tokset.com\/wp-content\/uploads\/30-602KS.jpg",181,300,false],"thumbnail":["https:\/\/tokset.com\/wp-content\/uploads\/30-602KS.jpg",91,150,false],"medium":["https:\/\/tokset.com\/wp-content\/uploads\/30-602KS.jpg",181,300,false],"medium_large":["https:\/\/tokset.com\/wp-content\/uploads\/30-602KS.jpg",181,300,false],"large":["https:\/\/tokset.com\/wp-content\/uploads\/30-602KS.jpg",181,300,false],"1536x1536":["https:\/\/tokset.com\/wp-content\/uploads\/30-602KS.jpg",181,300,false],"2048x2048":["https:\/\/tokset.com\/wp-content\/uploads\/30-602KS.jpg",181,300,false],"sidebar-featured":["https:\/\/tokset.com\/wp-content\/uploads\/30-602KS.jpg",45,75,false],"genesis-singular-images":["https:\/\/tokset.com\/wp-content\/uploads\/30-602KS.jpg",181,300,false],"woocommerce_thumbnail":["https:\/\/tokset.com\/wp-content\/uploads\/30-602KS.jpg",181,300,false],"woocommerce_single":["https:\/\/tokset.com\/wp-content\/uploads\/30-602KS.jpg",181,300,false],"woocommerce_gallery_thumbnail":["https:\/\/tokset.com\/wp-content\/uploads\/30-602KS-180x180.jpg",180,180,true]},"uagb_author_info":{"display_name":"Tokset Oy","author_link":"https:\/\/tokset.com\/en\/author\/"},"uagb_comment_info":0,"uagb_excerpt":"Safe Bin Combi M Stainless steel,30-602ks-2-225x300 inner bin (30 L) marine aluminium for safe and easy emtying, good design, fire safety features with separate Safe Tray for cigarettes (89 x 600 mm), triangular lock and key &nbsp;","_links":{"self":[{"href":"https:\/\/tokset.com\/en\/wp-json\/wp\/v2\/product\/1261","targetHints":{"allow":["GET"]}}],"collection":[{"href":"https:\/\/tokset.com\/en\/wp-json\/wp\/v2\/product"}],"about":[{"href":"https:\/\/tokset.com\/en\/wp-json\/wp\/v2\/types\/product"}],"wp:featuredmedia":[{"embeddable":true,"href":"https:\/\/tokset.com\/en\/wp-json\/wp\/v2\/media\/379"}],"wp:attachment":[{"href":"https:\/\/tokset.com\/en\/wp-json\/wp\/v2\/media?parent=1261"}],"wp:term":[{"taxonomy":"product_brand","embeddable":true,"href":"https:\/\/tokset.com\/en\/wp-json\/wp\/v2\/product_brand?post=1261"},{"taxonomy":"product_cat","embeddable":true,"href":"https:\/\/tokset.com\/en\/wp-json\/wp\/v2\/product_cat?post=1261"},{"taxonomy":"product_tag","embeddable":true,"href":"https:\/\/tokset.com\/en\/wp-json\/wp\/v2\/product_tag?post=1261"}],"curies":[{"name":"wp","href":"https:\/\/api.w.org\/{rel}","templated":true}]}}