{"id":411,"date":"2016-04-18T13:48:01","date_gmt":"2016-04-18T10:48:01","guid":{"rendered":"https:\/\/tokset.com\/\/product\/roskaturva-m-5\/?lang=en"},"modified":"2017-01-10T13:05:04","modified_gmt":"2017-01-10T11:05:04","slug":"safe-bin-30-900k2","status":"publish","type":"product","link":"https:\/\/tokset.com\/en\/products\/waste-bins-stainless\/safe-bin-30-900k2\/","title":{"rendered":"Safe Bin M K2"},"content":{"rendered":"<p>&nbsp;<\/p>\n<p>Technical data:<\/p>\n<ul>\n<li>Code: 30-900K2<\/li>\n<li>Lenght: 900 mm<\/li>\n<li>Width: 350 mm<\/li>\n<li>Weight:0,00kg<\/li>\n<li>Volume: 30 l<\/li>\n<li>Color: Polished<\/li>\n<\/ul>\n","protected":false},"excerpt":{"rendered":"<p>Safe Bin M<br \/>\nstainless steel foot C2 for mounting directly to floor or to anchor C5, free standing, inner bin (30 L) of marine aluminium for safe and easy emptying, good design, solid construction, fire-safety features, triangluar lock and key<\/p>\n","protected":false},"featured_media":412,"template":"","meta":{"_uag_custom_page_level_css":"","_genesis_hide_title":false,"_genesis_hide_breadcrumbs":false,"_genesis_hide_singular_image":false,"_genesis_hide_footer_widgets":false,"_genesis_custom_body_class":"","_genesis_custom_post_class":"","_genesis_layout":"","ngg_post_thumbnail":0},"product_brand":[],"product_cat":[23],"product_tag":[],"class_list":{"0":"post-411","1":"product","2":"type-product","3":"status-publish","4":"has-post-thumbnail","6":"product_cat-waste-bins-stainless","7":"entry","9":"first","10":"instock","11":"shipping-taxable","12":"product-type-simple"},"yoast_head":"<!-- This site is optimized with the Yoast SEO plugin v27.3 - https:\/\/yoast.com\/product\/yoast-seo-wordpress\/ -->\n<title>Safe Bin M K2 | Tokset Oy on kotimainen valmistaja<\/title>\n<meta name=\"description\" content=\"Laadukkaasta materiaalista valmistetut paloturvalliset roska-astiat. Tutustu tuotteisiimme ja ota yhteytt\u00e4! Kest\u00e4v\u00e4t roska-astiat sis\u00e4- ja ulkotiloihin.\" \/>\n<meta name=\"robots\" content=\"index, follow, max-snippet:-1, max-image-preview:large, max-video-preview:-1\" \/>\n<link rel=\"canonical\" href=\"https:\/\/tokset.com\/en\/products\/waste-bins-stainless\/safe-bin-30-900k2\/\" \/>\n<meta property=\"og:locale\" content=\"en_US\" \/>\n<meta property=\"og:type\" content=\"article\" \/>\n<meta property=\"og:title\" content=\"Safe Bin M K2 | Tokset Oy on kotimainen valmistaja\" \/>\n<meta property=\"og:description\" content=\"Laadukkaasta materiaalista valmistetut paloturvalliset roska-astiat. Tutustu tuotteisiimme ja ota yhteytt\u00e4! Kest\u00e4v\u00e4t roska-astiat sis\u00e4- ja ulkotiloihin.\" \/>\n<meta property=\"og:url\" content=\"https:\/\/tokset.com\/en\/products\/waste-bins-stainless\/safe-bin-30-900k2\/\" \/>\n<meta property=\"og:site_name\" content=\"Tokset Oy\" \/>\n<meta property=\"article:publisher\" content=\"https:\/\/www.facebook.com\/ToksetOy\/\" \/>\n<meta property=\"article:modified_time\" content=\"2017-01-10T11:05:04+00:00\" \/>\n<meta property=\"og:image\" content=\"https:\/\/tokset.com\/wp-content\/uploads\/30-900K2.jpg\" \/>\n\t<meta property=\"og:image:width\" content=\"107\" \/>\n\t<meta property=\"og:image:height\" content=\"300\" \/>\n\t<meta property=\"og:image:type\" content=\"image\/jpeg\" \/>\n<meta name=\"twitter:card\" content=\"summary_large_image\" \/>\n<script type=\"application\/ld+json\" class=\"yoast-schema-graph\">{\"@context\":\"https:\\\/\\\/schema.org\",\"@graph\":[{\"@type\":\"WebPage\",\"@id\":\"https:\\\/\\\/tokset.com\\\/en\\\/products\\\/waste-bins-stainless\\\/safe-bin-30-900k2\\\/\",\"url\":\"https:\\\/\\\/tokset.com\\\/en\\\/products\\\/waste-bins-stainless\\\/safe-bin-30-900k2\\\/\",\"name\":\"Safe Bin M K2 | Tokset Oy on kotimainen valmistaja\",\"isPartOf\":{\"@id\":\"https:\\\/\\\/tokset.com\\\/en\\\/#website\"},\"primaryImageOfPage\":{\"@id\":\"https:\\\/\\\/tokset.com\\\/en\\\/products\\\/waste-bins-stainless\\\/safe-bin-30-900k2\\\/#primaryimage\"},\"image\":{\"@id\":\"https:\\\/\\\/tokset.com\\\/en\\\/products\\\/waste-bins-stainless\\\/safe-bin-30-900k2\\\/#primaryimage\"},\"thumbnailUrl\":\"https:\\\/\\\/tokset.com\\\/wp-content\\\/uploads\\\/30-900K2.jpg\",\"datePublished\":\"2016-04-18T10:48:01+00:00\",\"dateModified\":\"2017-01-10T11:05:04+00:00\",\"description\":\"Laadukkaasta materiaalista valmistetut paloturvalliset roska-astiat. Tutustu tuotteisiimme ja ota yhteytt\u00e4! Kest\u00e4v\u00e4t roska-astiat sis\u00e4- ja ulkotiloihin.\",\"breadcrumb\":{\"@id\":\"https:\\\/\\\/tokset.com\\\/en\\\/products\\\/waste-bins-stainless\\\/safe-bin-30-900k2\\\/#breadcrumb\"},\"inLanguage\":\"en-US\",\"potentialAction\":[{\"@type\":\"ReadAction\",\"target\":[\"https:\\\/\\\/tokset.com\\\/en\\\/products\\\/waste-bins-stainless\\\/safe-bin-30-900k2\\\/\"]}]},{\"@type\":\"ImageObject\",\"inLanguage\":\"en-US\",\"@id\":\"https:\\\/\\\/tokset.com\\\/en\\\/products\\\/waste-bins-stainless\\\/safe-bin-30-900k2\\\/#primaryimage\",\"url\":\"https:\\\/\\\/tokset.com\\\/wp-content\\\/uploads\\\/30-900K2.jpg\",\"contentUrl\":\"https:\\\/\\\/tokset.com\\\/wp-content\\\/uploads\\\/30-900K2.jpg\",\"width\":107,\"height\":300,\"caption\":\"Roska-astia M K2\"},{\"@type\":\"BreadcrumbList\",\"@id\":\"https:\\\/\\\/tokset.com\\\/en\\\/products\\\/waste-bins-stainless\\\/safe-bin-30-900k2\\\/#breadcrumb\",\"itemListElement\":[{\"@type\":\"ListItem\",\"position\":1,\"name\":\"Etusivu\",\"item\":\"https:\\\/\\\/tokset.com\\\/en\\\/\"},{\"@type\":\"ListItem\",\"position\":2,\"name\":\"PRODUCTS\",\"item\":\"https:\\\/\\\/tokset.com\\\/en\\\/products\\\/\"},{\"@type\":\"ListItem\",\"position\":3,\"name\":\"Safe Bin M K2\"}]},{\"@type\":\"WebSite\",\"@id\":\"https:\\\/\\\/tokset.com\\\/en\\\/#website\",\"url\":\"https:\\\/\\\/tokset.com\\\/en\\\/\",\"name\":\"Tokset Oy\",\"description\":\"Paloturvalliset tuhka- ja roska-astiat\",\"publisher\":{\"@id\":\"https:\\\/\\\/tokset.com\\\/en\\\/#organization\"},\"potentialAction\":[{\"@type\":\"SearchAction\",\"target\":{\"@type\":\"EntryPoint\",\"urlTemplate\":\"https:\\\/\\\/tokset.com\\\/en\\\/?s={search_term_string}\"},\"query-input\":{\"@type\":\"PropertyValueSpecification\",\"valueRequired\":true,\"valueName\":\"search_term_string\"}}],\"inLanguage\":\"en-US\"},{\"@type\":\"Organization\",\"@id\":\"https:\\\/\\\/tokset.com\\\/en\\\/#organization\",\"name\":\"Tokset Oy\",\"url\":\"https:\\\/\\\/tokset.com\\\/en\\\/\",\"logo\":{\"@type\":\"ImageObject\",\"inLanguage\":\"en-US\",\"@id\":\"https:\\\/\\\/tokset.com\\\/en\\\/#\\\/schema\\\/logo\\\/image\\\/\",\"url\":\"https:\\\/\\\/tokset.com\\\/wp-content\\\/uploads\\\/toksetlogo_musta-1.png\",\"contentUrl\":\"https:\\\/\\\/tokset.com\\\/wp-content\\\/uploads\\\/toksetlogo_musta-1.png\",\"width\":649,\"height\":222,\"caption\":\"Tokset Oy\"},\"image\":{\"@id\":\"https:\\\/\\\/tokset.com\\\/en\\\/#\\\/schema\\\/logo\\\/image\\\/\"},\"sameAs\":[\"https:\\\/\\\/www.facebook.com\\\/ToksetOy\\\/\"]}]}<\/script>\n<!-- \/ Yoast SEO plugin. -->","yoast_head_json":{"title":"Safe Bin M K2 | Tokset Oy on kotimainen valmistaja","description":"Laadukkaasta materiaalista valmistetut paloturvalliset roska-astiat. Tutustu tuotteisiimme ja ota yhteytt\u00e4! Kest\u00e4v\u00e4t roska-astiat sis\u00e4- ja ulkotiloihin.","robots":{"index":"index","follow":"follow","max-snippet":"max-snippet:-1","max-image-preview":"max-image-preview:large","max-video-preview":"max-video-preview:-1"},"canonical":"https:\/\/tokset.com\/en\/products\/waste-bins-stainless\/safe-bin-30-900k2\/","og_locale":"en_US","og_type":"article","og_title":"Safe Bin M K2 | Tokset Oy on kotimainen valmistaja","og_description":"Laadukkaasta materiaalista valmistetut paloturvalliset roska-astiat. Tutustu tuotteisiimme ja ota yhteytt\u00e4! Kest\u00e4v\u00e4t roska-astiat sis\u00e4- ja ulkotiloihin.","og_url":"https:\/\/tokset.com\/en\/products\/waste-bins-stainless\/safe-bin-30-900k2\/","og_site_name":"Tokset Oy","article_publisher":"https:\/\/www.facebook.com\/ToksetOy\/","article_modified_time":"2017-01-10T11:05:04+00:00","og_image":[{"width":107,"height":300,"url":"https:\/\/tokset.com\/wp-content\/uploads\/30-900K2.jpg","type":"image\/jpeg"}],"twitter_card":"summary_large_image","schema":{"@context":"https:\/\/schema.org","@graph":[{"@type":"WebPage","@id":"https:\/\/tokset.com\/en\/products\/waste-bins-stainless\/safe-bin-30-900k2\/","url":"https:\/\/tokset.com\/en\/products\/waste-bins-stainless\/safe-bin-30-900k2\/","name":"Safe Bin M K2 | Tokset Oy on kotimainen valmistaja","isPartOf":{"@id":"https:\/\/tokset.com\/en\/#website"},"primaryImageOfPage":{"@id":"https:\/\/tokset.com\/en\/products\/waste-bins-stainless\/safe-bin-30-900k2\/#primaryimage"},"image":{"@id":"https:\/\/tokset.com\/en\/products\/waste-bins-stainless\/safe-bin-30-900k2\/#primaryimage"},"thumbnailUrl":"https:\/\/tokset.com\/wp-content\/uploads\/30-900K2.jpg","datePublished":"2016-04-18T10:48:01+00:00","dateModified":"2017-01-10T11:05:04+00:00","description":"Laadukkaasta materiaalista valmistetut paloturvalliset roska-astiat. Tutustu tuotteisiimme ja ota yhteytt\u00e4! Kest\u00e4v\u00e4t roska-astiat sis\u00e4- ja ulkotiloihin.","breadcrumb":{"@id":"https:\/\/tokset.com\/en\/products\/waste-bins-stainless\/safe-bin-30-900k2\/#breadcrumb"},"inLanguage":"en-US","potentialAction":[{"@type":"ReadAction","target":["https:\/\/tokset.com\/en\/products\/waste-bins-stainless\/safe-bin-30-900k2\/"]}]},{"@type":"ImageObject","inLanguage":"en-US","@id":"https:\/\/tokset.com\/en\/products\/waste-bins-stainless\/safe-bin-30-900k2\/#primaryimage","url":"https:\/\/tokset.com\/wp-content\/uploads\/30-900K2.jpg","contentUrl":"https:\/\/tokset.com\/wp-content\/uploads\/30-900K2.jpg","width":107,"height":300,"caption":"Roska-astia M K2"},{"@type":"BreadcrumbList","@id":"https:\/\/tokset.com\/en\/products\/waste-bins-stainless\/safe-bin-30-900k2\/#breadcrumb","itemListElement":[{"@type":"ListItem","position":1,"name":"Etusivu","item":"https:\/\/tokset.com\/en\/"},{"@type":"ListItem","position":2,"name":"PRODUCTS","item":"https:\/\/tokset.com\/en\/products\/"},{"@type":"ListItem","position":3,"name":"Safe Bin M K2"}]},{"@type":"WebSite","@id":"https:\/\/tokset.com\/en\/#website","url":"https:\/\/tokset.com\/en\/","name":"Tokset Oy","description":"Paloturvalliset tuhka- ja roska-astiat","publisher":{"@id":"https:\/\/tokset.com\/en\/#organization"},"potentialAction":[{"@type":"SearchAction","target":{"@type":"EntryPoint","urlTemplate":"https:\/\/tokset.com\/en\/?s={search_term_string}"},"query-input":{"@type":"PropertyValueSpecification","valueRequired":true,"valueName":"search_term_string"}}],"inLanguage":"en-US"},{"@type":"Organization","@id":"https:\/\/tokset.com\/en\/#organization","name":"Tokset Oy","url":"https:\/\/tokset.com\/en\/","logo":{"@type":"ImageObject","inLanguage":"en-US","@id":"https:\/\/tokset.com\/en\/#\/schema\/logo\/image\/","url":"https:\/\/tokset.com\/wp-content\/uploads\/toksetlogo_musta-1.png","contentUrl":"https:\/\/tokset.com\/wp-content\/uploads\/toksetlogo_musta-1.png","width":649,"height":222,"caption":"Tokset Oy"},"image":{"@id":"https:\/\/tokset.com\/en\/#\/schema\/logo\/image\/"},"sameAs":["https:\/\/www.facebook.com\/ToksetOy\/"]}]}},"uagb_featured_image_src":{"full":["https:\/\/tokset.com\/wp-content\/uploads\/30-900K2.jpg",107,300,false],"thumbnail":["https:\/\/tokset.com\/wp-content\/uploads\/30-900K2.jpg",54,150,false],"medium":["https:\/\/tokset.com\/wp-content\/uploads\/30-900K2.jpg",107,300,false],"medium_large":["https:\/\/tokset.com\/wp-content\/uploads\/30-900K2.jpg",107,300,false],"large":["https:\/\/tokset.com\/wp-content\/uploads\/30-900K2.jpg",107,300,false],"1536x1536":["https:\/\/tokset.com\/wp-content\/uploads\/30-900K2.jpg",107,300,false],"2048x2048":["https:\/\/tokset.com\/wp-content\/uploads\/30-900K2.jpg",107,300,false],"sidebar-featured":["https:\/\/tokset.com\/wp-content\/uploads\/30-900K2.jpg",27,75,false],"genesis-singular-images":["https:\/\/tokset.com\/wp-content\/uploads\/30-900K2.jpg",107,300,false],"woocommerce_thumbnail":["https:\/\/tokset.com\/wp-content\/uploads\/30-900K2.jpg",107,300,false],"woocommerce_single":["https:\/\/tokset.com\/wp-content\/uploads\/30-900K2.jpg",107,300,false],"woocommerce_gallery_thumbnail":["https:\/\/tokset.com\/wp-content\/uploads\/30-900K2-107x180.jpg",107,180,true]},"uagb_author_info":{"display_name":"Tokset Oy","author_link":"https:\/\/tokset.com\/en\/author\/"},"uagb_comment_info":0,"uagb_excerpt":"Safe Bin M stainless steel foot C2 for mounting directly to floor or to anchor C5, free standing, inner bin (30 L) of marine aluminium for safe and easy emptying, good design, solid construction, fire-safety features, triangluar lock and key","_links":{"self":[{"href":"https:\/\/tokset.com\/en\/wp-json\/wp\/v2\/product\/411","targetHints":{"allow":["GET"]}}],"collection":[{"href":"https:\/\/tokset.com\/en\/wp-json\/wp\/v2\/product"}],"about":[{"href":"https:\/\/tokset.com\/en\/wp-json\/wp\/v2\/types\/product"}],"wp:featuredmedia":[{"embeddable":true,"href":"https:\/\/tokset.com\/en\/wp-json\/wp\/v2\/media\/412"}],"wp:attachment":[{"href":"https:\/\/tokset.com\/en\/wp-json\/wp\/v2\/media?parent=411"}],"wp:term":[{"taxonomy":"product_brand","embeddable":true,"href":"https:\/\/tokset.com\/en\/wp-json\/wp\/v2\/product_brand?post=411"},{"taxonomy":"product_cat","embeddable":true,"href":"https:\/\/tokset.com\/en\/wp-json\/wp\/v2\/product_cat?post=411"},{"taxonomy":"product_tag","embeddable":true,"href":"https:\/\/tokset.com\/en\/wp-json\/wp\/v2\/product_tag?post=411"}],"curies":[{"name":"wp","href":"https:\/\/api.w.org\/{rel}","templated":true}]}}