{"id":570,"date":"2016-05-12T11:47:48","date_gmt":"2016-05-16T06:40:28","guid":{"rendered":"https:\/\/tokset.com\/\/?post_type=product&#038;p=570&#038;lang=en"},"modified":"2016-11-16T18:07:51","modified_gmt":"2016-11-16T16:07:51","slug":"turvatuhkis-xl-4","status":"publish","type":"product","link":"https:\/\/tokset.com\/en\/products\/ash-containers-stainless\/turvatuhkis-xl-4\/","title":{"rendered":"Safe tray XL K4"},"content":{"rendered":"<div class=\"gca-column one-half first\"><p>Technical data:<\/p>\n<ul>\n<li>Code:114-900K4<\/li>\n<li>Lenght:900,00mm<\/li>\n<li>Width:114,00mm<\/li>\n<li>Weight:27,00kg<\/li>\n<li>Volume:6,2 l<\/li>\n<li>Color:Polished<\/li>\n<\/ul><\/div><div class=\"gca-column one-half\"><img decoding=\"async\" src=\"https:\/\/tokset.com\/\/litter\/ProdImages\/114-900K4_tech.jpg\" alt=\"\" \/><\/div>\n","protected":false},"excerpt":{"rendered":"<p><img loading=\"lazy\" decoding=\"async\" class=\"alignright size-medium wp-image-664\" src=\"https:\/\/tokset.com\/\/wp-content\/uploads\/114-900K4-1-2-300x182.jpg\" alt=\"114-900K4 (1)\" width=\"300\" height=\"182\" \/>Safe tray XL<br \/>\nstainless steel foot with concrete ring (C4), free standing, triangular key and lock, exstinguishing rod, inner pipe reduces oxygen flow and prohibits smoke, emptying from top, inner bin (6,2 liters) of stainless steel with<\/p>\n","protected":false},"featured_media":662,"template":"","meta":{"_uag_custom_page_level_css":"","_genesis_hide_title":false,"_genesis_hide_breadcrumbs":false,"_genesis_hide_singular_image":false,"_genesis_hide_footer_widgets":false,"_genesis_custom_body_class":"","_genesis_custom_post_class":"","_genesis_layout":"","ngg_post_thumbnail":0},"product_brand":[],"product_cat":[25],"product_tag":[],"class_list":{"0":"post-570","1":"product","2":"type-product","3":"status-publish","4":"has-post-thumbnail","6":"product_cat-ash-containers-stainless","7":"entry","9":"first","10":"instock","11":"shipping-taxable","12":"product-type-simple"},"yoast_head":"<!-- This site is optimized with the Yoast SEO plugin v27.3 - https:\/\/yoast.com\/product\/yoast-seo-wordpress\/ -->\n<title>Safe tray XL K4 | Tokset Oy on kotimainen valmistaja<\/title>\n<meta name=\"description\" content=\"Laadukkaasta materiaalista valmistetut paloturvalliset tuhka-astiat. Tutustu tuotteisiimme ja ota yhteytt\u00e4! Kest\u00e4v\u00e4t tuhka-astiat sis\u00e4- ja ulkotiloihin.\" \/>\n<meta name=\"robots\" content=\"index, follow, max-snippet:-1, max-image-preview:large, max-video-preview:-1\" \/>\n<link rel=\"canonical\" href=\"https:\/\/tokset.com\/en\/products\/ash-containers-stainless\/turvatuhkis-xl-4\/\" \/>\n<meta property=\"og:locale\" content=\"en_US\" \/>\n<meta property=\"og:type\" content=\"article\" \/>\n<meta property=\"og:title\" content=\"Safe tray XL K4 | Tokset Oy on kotimainen valmistaja\" \/>\n<meta property=\"og:description\" content=\"Laadukkaasta materiaalista valmistetut paloturvalliset tuhka-astiat. Tutustu tuotteisiimme ja ota yhteytt\u00e4! Kest\u00e4v\u00e4t tuhka-astiat sis\u00e4- ja ulkotiloihin.\" \/>\n<meta property=\"og:url\" content=\"https:\/\/tokset.com\/en\/products\/ash-containers-stainless\/turvatuhkis-xl-4\/\" \/>\n<meta property=\"og:site_name\" content=\"Tokset Oy\" \/>\n<meta property=\"article:publisher\" content=\"https:\/\/www.facebook.com\/ToksetOy\/\" \/>\n<meta property=\"article:modified_time\" content=\"2016-11-16T16:07:51+00:00\" \/>\n<meta property=\"og:image\" content=\"https:\/\/tokset.com\/wp-content\/uploads\/114-900K4-2.jpg\" \/>\n\t<meta property=\"og:image:width\" content=\"164\" \/>\n\t<meta property=\"og:image:height\" content=\"300\" \/>\n\t<meta property=\"og:image:type\" content=\"image\/jpeg\" \/>\n<meta name=\"twitter:card\" content=\"summary_large_image\" \/>\n<script type=\"application\/ld+json\" class=\"yoast-schema-graph\">{\"@context\":\"https:\\\/\\\/schema.org\",\"@graph\":[{\"@type\":\"WebPage\",\"@id\":\"https:\\\/\\\/tokset.com\\\/en\\\/products\\\/ash-containers-stainless\\\/turvatuhkis-xl-4\\\/\",\"url\":\"https:\\\/\\\/tokset.com\\\/en\\\/products\\\/ash-containers-stainless\\\/turvatuhkis-xl-4\\\/\",\"name\":\"Safe tray XL K4 | Tokset Oy on kotimainen valmistaja\",\"isPartOf\":{\"@id\":\"https:\\\/\\\/tokset.com\\\/en\\\/#website\"},\"primaryImageOfPage\":{\"@id\":\"https:\\\/\\\/tokset.com\\\/en\\\/products\\\/ash-containers-stainless\\\/turvatuhkis-xl-4\\\/#primaryimage\"},\"image\":{\"@id\":\"https:\\\/\\\/tokset.com\\\/en\\\/products\\\/ash-containers-stainless\\\/turvatuhkis-xl-4\\\/#primaryimage\"},\"thumbnailUrl\":\"https:\\\/\\\/tokset.com\\\/wp-content\\\/uploads\\\/114-900K4-2.jpg\",\"datePublished\":\"2016-05-16T06:40:28+00:00\",\"dateModified\":\"2016-11-16T16:07:51+00:00\",\"description\":\"Laadukkaasta materiaalista valmistetut paloturvalliset tuhka-astiat. Tutustu tuotteisiimme ja ota yhteytt\u00e4! Kest\u00e4v\u00e4t tuhka-astiat sis\u00e4- ja ulkotiloihin.\",\"breadcrumb\":{\"@id\":\"https:\\\/\\\/tokset.com\\\/en\\\/products\\\/ash-containers-stainless\\\/turvatuhkis-xl-4\\\/#breadcrumb\"},\"inLanguage\":\"en-US\",\"potentialAction\":[{\"@type\":\"ReadAction\",\"target\":[\"https:\\\/\\\/tokset.com\\\/en\\\/products\\\/ash-containers-stainless\\\/turvatuhkis-xl-4\\\/\"]}]},{\"@type\":\"ImageObject\",\"inLanguage\":\"en-US\",\"@id\":\"https:\\\/\\\/tokset.com\\\/en\\\/products\\\/ash-containers-stainless\\\/turvatuhkis-xl-4\\\/#primaryimage\",\"url\":\"https:\\\/\\\/tokset.com\\\/wp-content\\\/uploads\\\/114-900K4-2.jpg\",\"contentUrl\":\"https:\\\/\\\/tokset.com\\\/wp-content\\\/uploads\\\/114-900K4-2.jpg\",\"width\":164,\"height\":300,\"caption\":\"Tuhka-astia XL K4\"},{\"@type\":\"BreadcrumbList\",\"@id\":\"https:\\\/\\\/tokset.com\\\/en\\\/products\\\/ash-containers-stainless\\\/turvatuhkis-xl-4\\\/#breadcrumb\",\"itemListElement\":[{\"@type\":\"ListItem\",\"position\":1,\"name\":\"Etusivu\",\"item\":\"https:\\\/\\\/tokset.com\\\/en\\\/\"},{\"@type\":\"ListItem\",\"position\":2,\"name\":\"PRODUCTS\",\"item\":\"https:\\\/\\\/tokset.com\\\/en\\\/products\\\/\"},{\"@type\":\"ListItem\",\"position\":3,\"name\":\"Safe tray XL K4\"}]},{\"@type\":\"WebSite\",\"@id\":\"https:\\\/\\\/tokset.com\\\/en\\\/#website\",\"url\":\"https:\\\/\\\/tokset.com\\\/en\\\/\",\"name\":\"Tokset Oy\",\"description\":\"Paloturvalliset tuhka- ja roska-astiat\",\"publisher\":{\"@id\":\"https:\\\/\\\/tokset.com\\\/en\\\/#organization\"},\"potentialAction\":[{\"@type\":\"SearchAction\",\"target\":{\"@type\":\"EntryPoint\",\"urlTemplate\":\"https:\\\/\\\/tokset.com\\\/en\\\/?s={search_term_string}\"},\"query-input\":{\"@type\":\"PropertyValueSpecification\",\"valueRequired\":true,\"valueName\":\"search_term_string\"}}],\"inLanguage\":\"en-US\"},{\"@type\":\"Organization\",\"@id\":\"https:\\\/\\\/tokset.com\\\/en\\\/#organization\",\"name\":\"Tokset Oy\",\"url\":\"https:\\\/\\\/tokset.com\\\/en\\\/\",\"logo\":{\"@type\":\"ImageObject\",\"inLanguage\":\"en-US\",\"@id\":\"https:\\\/\\\/tokset.com\\\/en\\\/#\\\/schema\\\/logo\\\/image\\\/\",\"url\":\"https:\\\/\\\/tokset.com\\\/wp-content\\\/uploads\\\/toksetlogo_musta-1.png\",\"contentUrl\":\"https:\\\/\\\/tokset.com\\\/wp-content\\\/uploads\\\/toksetlogo_musta-1.png\",\"width\":649,\"height\":222,\"caption\":\"Tokset Oy\"},\"image\":{\"@id\":\"https:\\\/\\\/tokset.com\\\/en\\\/#\\\/schema\\\/logo\\\/image\\\/\"},\"sameAs\":[\"https:\\\/\\\/www.facebook.com\\\/ToksetOy\\\/\"]}]}<\/script>\n<!-- \/ Yoast SEO plugin. -->","yoast_head_json":{"title":"Safe tray XL K4 | Tokset Oy on kotimainen valmistaja","description":"Laadukkaasta materiaalista valmistetut paloturvalliset tuhka-astiat. Tutustu tuotteisiimme ja ota yhteytt\u00e4! Kest\u00e4v\u00e4t tuhka-astiat sis\u00e4- ja ulkotiloihin.","robots":{"index":"index","follow":"follow","max-snippet":"max-snippet:-1","max-image-preview":"max-image-preview:large","max-video-preview":"max-video-preview:-1"},"canonical":"https:\/\/tokset.com\/en\/products\/ash-containers-stainless\/turvatuhkis-xl-4\/","og_locale":"en_US","og_type":"article","og_title":"Safe tray XL K4 | Tokset Oy on kotimainen valmistaja","og_description":"Laadukkaasta materiaalista valmistetut paloturvalliset tuhka-astiat. Tutustu tuotteisiimme ja ota yhteytt\u00e4! Kest\u00e4v\u00e4t tuhka-astiat sis\u00e4- ja ulkotiloihin.","og_url":"https:\/\/tokset.com\/en\/products\/ash-containers-stainless\/turvatuhkis-xl-4\/","og_site_name":"Tokset Oy","article_publisher":"https:\/\/www.facebook.com\/ToksetOy\/","article_modified_time":"2016-11-16T16:07:51+00:00","og_image":[{"width":164,"height":300,"url":"https:\/\/tokset.com\/wp-content\/uploads\/114-900K4-2.jpg","type":"image\/jpeg"}],"twitter_card":"summary_large_image","schema":{"@context":"https:\/\/schema.org","@graph":[{"@type":"WebPage","@id":"https:\/\/tokset.com\/en\/products\/ash-containers-stainless\/turvatuhkis-xl-4\/","url":"https:\/\/tokset.com\/en\/products\/ash-containers-stainless\/turvatuhkis-xl-4\/","name":"Safe tray XL K4 | Tokset Oy on kotimainen valmistaja","isPartOf":{"@id":"https:\/\/tokset.com\/en\/#website"},"primaryImageOfPage":{"@id":"https:\/\/tokset.com\/en\/products\/ash-containers-stainless\/turvatuhkis-xl-4\/#primaryimage"},"image":{"@id":"https:\/\/tokset.com\/en\/products\/ash-containers-stainless\/turvatuhkis-xl-4\/#primaryimage"},"thumbnailUrl":"https:\/\/tokset.com\/wp-content\/uploads\/114-900K4-2.jpg","datePublished":"2016-05-16T06:40:28+00:00","dateModified":"2016-11-16T16:07:51+00:00","description":"Laadukkaasta materiaalista valmistetut paloturvalliset tuhka-astiat. Tutustu tuotteisiimme ja ota yhteytt\u00e4! Kest\u00e4v\u00e4t tuhka-astiat sis\u00e4- ja ulkotiloihin.","breadcrumb":{"@id":"https:\/\/tokset.com\/en\/products\/ash-containers-stainless\/turvatuhkis-xl-4\/#breadcrumb"},"inLanguage":"en-US","potentialAction":[{"@type":"ReadAction","target":["https:\/\/tokset.com\/en\/products\/ash-containers-stainless\/turvatuhkis-xl-4\/"]}]},{"@type":"ImageObject","inLanguage":"en-US","@id":"https:\/\/tokset.com\/en\/products\/ash-containers-stainless\/turvatuhkis-xl-4\/#primaryimage","url":"https:\/\/tokset.com\/wp-content\/uploads\/114-900K4-2.jpg","contentUrl":"https:\/\/tokset.com\/wp-content\/uploads\/114-900K4-2.jpg","width":164,"height":300,"caption":"Tuhka-astia XL K4"},{"@type":"BreadcrumbList","@id":"https:\/\/tokset.com\/en\/products\/ash-containers-stainless\/turvatuhkis-xl-4\/#breadcrumb","itemListElement":[{"@type":"ListItem","position":1,"name":"Etusivu","item":"https:\/\/tokset.com\/en\/"},{"@type":"ListItem","position":2,"name":"PRODUCTS","item":"https:\/\/tokset.com\/en\/products\/"},{"@type":"ListItem","position":3,"name":"Safe tray XL K4"}]},{"@type":"WebSite","@id":"https:\/\/tokset.com\/en\/#website","url":"https:\/\/tokset.com\/en\/","name":"Tokset Oy","description":"Paloturvalliset tuhka- ja roska-astiat","publisher":{"@id":"https:\/\/tokset.com\/en\/#organization"},"potentialAction":[{"@type":"SearchAction","target":{"@type":"EntryPoint","urlTemplate":"https:\/\/tokset.com\/en\/?s={search_term_string}"},"query-input":{"@type":"PropertyValueSpecification","valueRequired":true,"valueName":"search_term_string"}}],"inLanguage":"en-US"},{"@type":"Organization","@id":"https:\/\/tokset.com\/en\/#organization","name":"Tokset Oy","url":"https:\/\/tokset.com\/en\/","logo":{"@type":"ImageObject","inLanguage":"en-US","@id":"https:\/\/tokset.com\/en\/#\/schema\/logo\/image\/","url":"https:\/\/tokset.com\/wp-content\/uploads\/toksetlogo_musta-1.png","contentUrl":"https:\/\/tokset.com\/wp-content\/uploads\/toksetlogo_musta-1.png","width":649,"height":222,"caption":"Tokset Oy"},"image":{"@id":"https:\/\/tokset.com\/en\/#\/schema\/logo\/image\/"},"sameAs":["https:\/\/www.facebook.com\/ToksetOy\/"]}]}},"uagb_featured_image_src":{"full":["https:\/\/tokset.com\/wp-content\/uploads\/114-900K4-2.jpg",164,300,false],"thumbnail":["https:\/\/tokset.com\/wp-content\/uploads\/114-900K4-2.jpg",82,150,false],"medium":["https:\/\/tokset.com\/wp-content\/uploads\/114-900K4-2.jpg",164,300,false],"medium_large":["https:\/\/tokset.com\/wp-content\/uploads\/114-900K4-2.jpg",164,300,false],"large":["https:\/\/tokset.com\/wp-content\/uploads\/114-900K4-2.jpg",164,300,false],"1536x1536":["https:\/\/tokset.com\/wp-content\/uploads\/114-900K4-2.jpg",164,300,false],"2048x2048":["https:\/\/tokset.com\/wp-content\/uploads\/114-900K4-2.jpg",164,300,false],"sidebar-featured":["https:\/\/tokset.com\/wp-content\/uploads\/114-900K4-2.jpg",41,75,false],"genesis-singular-images":["https:\/\/tokset.com\/wp-content\/uploads\/114-900K4-2.jpg",164,300,false],"woocommerce_thumbnail":["https:\/\/tokset.com\/wp-content\/uploads\/114-900K4-2.jpg",164,300,false],"woocommerce_single":["https:\/\/tokset.com\/wp-content\/uploads\/114-900K4-2.jpg",164,300,false],"woocommerce_gallery_thumbnail":["https:\/\/tokset.com\/wp-content\/uploads\/114-900K4-2-164x180.jpg",164,180,true]},"uagb_author_info":{"display_name":"Tokset Oy","author_link":"https:\/\/tokset.com\/en\/author\/"},"uagb_comment_info":0,"uagb_excerpt":"Safe tray XL stainless steel foot with concrete ring (C4), free standing, triangular key and lock, exstinguishing rod, inner pipe reduces oxygen flow and prohibits smoke, emptying from top, inner bin (6,2 liters) of stainless steel with","_links":{"self":[{"href":"https:\/\/tokset.com\/en\/wp-json\/wp\/v2\/product\/570","targetHints":{"allow":["GET"]}}],"collection":[{"href":"https:\/\/tokset.com\/en\/wp-json\/wp\/v2\/product"}],"about":[{"href":"https:\/\/tokset.com\/en\/wp-json\/wp\/v2\/types\/product"}],"wp:featuredmedia":[{"embeddable":true,"href":"https:\/\/tokset.com\/en\/wp-json\/wp\/v2\/media\/662"}],"wp:attachment":[{"href":"https:\/\/tokset.com\/en\/wp-json\/wp\/v2\/media?parent=570"}],"wp:term":[{"taxonomy":"product_brand","embeddable":true,"href":"https:\/\/tokset.com\/en\/wp-json\/wp\/v2\/product_brand?post=570"},{"taxonomy":"product_cat","embeddable":true,"href":"https:\/\/tokset.com\/en\/wp-json\/wp\/v2\/product_cat?post=570"},{"taxonomy":"product_tag","embeddable":true,"href":"https:\/\/tokset.com\/en\/wp-json\/wp\/v2\/product_tag?post=570"}],"curies":[{"name":"wp","href":"https:\/\/api.w.org\/{rel}","templated":true}]}}