{"id":584,"date":"2016-05-12T12:43:30","date_gmt":"2016-05-16T07:21:19","guid":{"rendered":"https:\/\/tokset.com\/\/?post_type=product&#038;p=584&#038;lang=en"},"modified":"2017-01-05T11:03:48","modified_gmt":"2017-01-05T09:03:48","slug":"safe-bin-combi-l-2","status":"publish","type":"product","link":"https:\/\/tokset.com\/en\/products\/combined-products-stainless\/safe-bin-combi-l-2\/","title":{"rendered":"Safe Bin Combi L 60 liter K2"},"content":{"rendered":"<p>Technical data:<br \/>\nCode:60-902K2<br \/>\nLenght: 900 mm<br \/>\nWidth: 420 mm<br \/>\nWeight: 30 kg<br \/>\nVolume: 60 l<br \/>\nColor: Polished<\/p>\n","protected":false},"excerpt":{"rendered":"<p>Safe Bin Combi L<br \/>\nstainless steel foot C2 for direct mounting to floor or to anchor C5, free standing, inner bin volume 60 L, good design, solid construction, fire safety features separate Safe tray (89 x 600mm) for cigarettes, triangluar lock and key, inner bin of marine aluminium for safe and easy emptying<\/p>\n","protected":false},"featured_media":625,"template":"","meta":{"_uag_custom_page_level_css":"","_genesis_hide_title":false,"_genesis_hide_breadcrumbs":false,"_genesis_hide_singular_image":false,"_genesis_hide_footer_widgets":false,"_genesis_custom_body_class":"","_genesis_custom_post_class":"","_genesis_layout":"","ngg_post_thumbnail":0},"product_brand":[],"product_cat":[27],"product_tag":[],"class_list":{"0":"post-584","1":"product","2":"type-product","3":"status-publish","4":"has-post-thumbnail","6":"product_cat-combined-products-stainless","7":"entry","9":"first","10":"instock","11":"shipping-taxable","12":"product-type-simple"},"yoast_head":"<!-- This site is optimized with the Yoast SEO plugin v27.4 - https:\/\/yoast.com\/product\/yoast-seo-wordpress\/ -->\n<title>Safe Bin Combi L 60 liter K2 | Tokset Oy<\/title>\n<meta name=\"description\" content=\"Laadukkaasta Aisi 304 rst materiaalista valmistetut paloturvalliset roska- ja tuhka-astiat. Kest\u00e4v\u00e4t roska-astiat sis\u00e4- ja ulkotiloihin.\" \/>\n<meta name=\"robots\" content=\"index, follow, max-snippet:-1, max-image-preview:large, max-video-preview:-1\" \/>\n<link rel=\"canonical\" href=\"https:\/\/tokset.com\/en\/products\/combined-products-stainless\/safe-bin-combi-l-2\/\" \/>\n<meta property=\"og:locale\" content=\"en_US\" \/>\n<meta property=\"og:type\" content=\"article\" \/>\n<meta property=\"og:title\" content=\"Safe Bin Combi L 60 liter K2 | Tokset Oy\" \/>\n<meta property=\"og:description\" content=\"Laadukkaasta Aisi 304 rst materiaalista valmistetut paloturvalliset roska- ja tuhka-astiat. Kest\u00e4v\u00e4t roska-astiat sis\u00e4- ja ulkotiloihin.\" \/>\n<meta property=\"og:url\" content=\"https:\/\/tokset.com\/en\/products\/combined-products-stainless\/safe-bin-combi-l-2\/\" \/>\n<meta property=\"og:site_name\" content=\"Tokset Oy\" \/>\n<meta property=\"article:publisher\" content=\"https:\/\/www.facebook.com\/ToksetOy\/\" \/>\n<meta property=\"article:modified_time\" content=\"2017-01-05T09:03:48+00:00\" \/>\n<meta property=\"og:image\" content=\"https:\/\/tokset.com\/wp-content\/uploads\/60-902K2.jpg\" \/>\n\t<meta property=\"og:image:width\" content=\"143\" \/>\n\t<meta property=\"og:image:height\" content=\"300\" \/>\n\t<meta property=\"og:image:type\" content=\"image\/jpeg\" \/>\n<meta name=\"twitter:card\" content=\"summary_large_image\" \/>\n<script type=\"application\/ld+json\" class=\"yoast-schema-graph\">{\"@context\":\"https:\\\/\\\/schema.org\",\"@graph\":[{\"@type\":\"WebPage\",\"@id\":\"https:\\\/\\\/tokset.com\\\/en\\\/products\\\/combined-products-stainless\\\/safe-bin-combi-l-2\\\/\",\"url\":\"https:\\\/\\\/tokset.com\\\/en\\\/products\\\/combined-products-stainless\\\/safe-bin-combi-l-2\\\/\",\"name\":\"Safe Bin Combi L 60 liter K2 | Tokset Oy\",\"isPartOf\":{\"@id\":\"https:\\\/\\\/tokset.com\\\/en\\\/#website\"},\"primaryImageOfPage\":{\"@id\":\"https:\\\/\\\/tokset.com\\\/en\\\/products\\\/combined-products-stainless\\\/safe-bin-combi-l-2\\\/#primaryimage\"},\"image\":{\"@id\":\"https:\\\/\\\/tokset.com\\\/en\\\/products\\\/combined-products-stainless\\\/safe-bin-combi-l-2\\\/#primaryimage\"},\"thumbnailUrl\":\"https:\\\/\\\/tokset.com\\\/wp-content\\\/uploads\\\/60-902K2.jpg\",\"datePublished\":\"2016-05-16T07:21:19+00:00\",\"dateModified\":\"2017-01-05T09:03:48+00:00\",\"description\":\"Laadukkaasta Aisi 304 rst materiaalista valmistetut paloturvalliset roska- ja tuhka-astiat. Kest\u00e4v\u00e4t roska-astiat sis\u00e4- ja ulkotiloihin.\",\"breadcrumb\":{\"@id\":\"https:\\\/\\\/tokset.com\\\/en\\\/products\\\/combined-products-stainless\\\/safe-bin-combi-l-2\\\/#breadcrumb\"},\"inLanguage\":\"en-US\",\"potentialAction\":[{\"@type\":\"ReadAction\",\"target\":[\"https:\\\/\\\/tokset.com\\\/en\\\/products\\\/combined-products-stainless\\\/safe-bin-combi-l-2\\\/\"]}]},{\"@type\":\"ImageObject\",\"inLanguage\":\"en-US\",\"@id\":\"https:\\\/\\\/tokset.com\\\/en\\\/products\\\/combined-products-stainless\\\/safe-bin-combi-l-2\\\/#primaryimage\",\"url\":\"https:\\\/\\\/tokset.com\\\/wp-content\\\/uploads\\\/60-902K2.jpg\",\"contentUrl\":\"https:\\\/\\\/tokset.com\\\/wp-content\\\/uploads\\\/60-902K2.jpg\",\"width\":143,\"height\":300,\"caption\":\"Roska-astia Combi 60 litraa\"},{\"@type\":\"BreadcrumbList\",\"@id\":\"https:\\\/\\\/tokset.com\\\/en\\\/products\\\/combined-products-stainless\\\/safe-bin-combi-l-2\\\/#breadcrumb\",\"itemListElement\":[{\"@type\":\"ListItem\",\"position\":1,\"name\":\"Etusivu\",\"item\":\"https:\\\/\\\/tokset.com\\\/en\\\/\"},{\"@type\":\"ListItem\",\"position\":2,\"name\":\"PRODUCTS\",\"item\":\"https:\\\/\\\/tokset.com\\\/en\\\/products\\\/\"},{\"@type\":\"ListItem\",\"position\":3,\"name\":\"Safe Bin Combi L 60 liter K2\"}]},{\"@type\":\"WebSite\",\"@id\":\"https:\\\/\\\/tokset.com\\\/en\\\/#website\",\"url\":\"https:\\\/\\\/tokset.com\\\/en\\\/\",\"name\":\"Tokset Oy\",\"description\":\"Paloturvalliset tuhka- ja roska-astiat\",\"publisher\":{\"@id\":\"https:\\\/\\\/tokset.com\\\/en\\\/#organization\"},\"potentialAction\":[{\"@type\":\"SearchAction\",\"target\":{\"@type\":\"EntryPoint\",\"urlTemplate\":\"https:\\\/\\\/tokset.com\\\/en\\\/?s={search_term_string}\"},\"query-input\":{\"@type\":\"PropertyValueSpecification\",\"valueRequired\":true,\"valueName\":\"search_term_string\"}}],\"inLanguage\":\"en-US\"},{\"@type\":\"Organization\",\"@id\":\"https:\\\/\\\/tokset.com\\\/en\\\/#organization\",\"name\":\"Tokset Oy\",\"url\":\"https:\\\/\\\/tokset.com\\\/en\\\/\",\"logo\":{\"@type\":\"ImageObject\",\"inLanguage\":\"en-US\",\"@id\":\"https:\\\/\\\/tokset.com\\\/en\\\/#\\\/schema\\\/logo\\\/image\\\/\",\"url\":\"https:\\\/\\\/tokset.com\\\/wp-content\\\/uploads\\\/toksetlogo_musta-1.png\",\"contentUrl\":\"https:\\\/\\\/tokset.com\\\/wp-content\\\/uploads\\\/toksetlogo_musta-1.png\",\"width\":649,\"height\":222,\"caption\":\"Tokset Oy\"},\"image\":{\"@id\":\"https:\\\/\\\/tokset.com\\\/en\\\/#\\\/schema\\\/logo\\\/image\\\/\"},\"sameAs\":[\"https:\\\/\\\/www.facebook.com\\\/ToksetOy\\\/\"]}]}<\/script>\n<!-- \/ Yoast SEO plugin. -->","yoast_head_json":{"title":"Safe Bin Combi L 60 liter K2 | Tokset Oy","description":"Laadukkaasta Aisi 304 rst materiaalista valmistetut paloturvalliset roska- ja tuhka-astiat. Kest\u00e4v\u00e4t roska-astiat sis\u00e4- ja ulkotiloihin.","robots":{"index":"index","follow":"follow","max-snippet":"max-snippet:-1","max-image-preview":"max-image-preview:large","max-video-preview":"max-video-preview:-1"},"canonical":"https:\/\/tokset.com\/en\/products\/combined-products-stainless\/safe-bin-combi-l-2\/","og_locale":"en_US","og_type":"article","og_title":"Safe Bin Combi L 60 liter K2 | Tokset Oy","og_description":"Laadukkaasta Aisi 304 rst materiaalista valmistetut paloturvalliset roska- ja tuhka-astiat. Kest\u00e4v\u00e4t roska-astiat sis\u00e4- ja ulkotiloihin.","og_url":"https:\/\/tokset.com\/en\/products\/combined-products-stainless\/safe-bin-combi-l-2\/","og_site_name":"Tokset Oy","article_publisher":"https:\/\/www.facebook.com\/ToksetOy\/","article_modified_time":"2017-01-05T09:03:48+00:00","og_image":[{"width":143,"height":300,"url":"https:\/\/tokset.com\/wp-content\/uploads\/60-902K2.jpg","type":"image\/jpeg"}],"twitter_card":"summary_large_image","schema":{"@context":"https:\/\/schema.org","@graph":[{"@type":"WebPage","@id":"https:\/\/tokset.com\/en\/products\/combined-products-stainless\/safe-bin-combi-l-2\/","url":"https:\/\/tokset.com\/en\/products\/combined-products-stainless\/safe-bin-combi-l-2\/","name":"Safe Bin Combi L 60 liter K2 | Tokset Oy","isPartOf":{"@id":"https:\/\/tokset.com\/en\/#website"},"primaryImageOfPage":{"@id":"https:\/\/tokset.com\/en\/products\/combined-products-stainless\/safe-bin-combi-l-2\/#primaryimage"},"image":{"@id":"https:\/\/tokset.com\/en\/products\/combined-products-stainless\/safe-bin-combi-l-2\/#primaryimage"},"thumbnailUrl":"https:\/\/tokset.com\/wp-content\/uploads\/60-902K2.jpg","datePublished":"2016-05-16T07:21:19+00:00","dateModified":"2017-01-05T09:03:48+00:00","description":"Laadukkaasta Aisi 304 rst materiaalista valmistetut paloturvalliset roska- ja tuhka-astiat. Kest\u00e4v\u00e4t roska-astiat sis\u00e4- ja ulkotiloihin.","breadcrumb":{"@id":"https:\/\/tokset.com\/en\/products\/combined-products-stainless\/safe-bin-combi-l-2\/#breadcrumb"},"inLanguage":"en-US","potentialAction":[{"@type":"ReadAction","target":["https:\/\/tokset.com\/en\/products\/combined-products-stainless\/safe-bin-combi-l-2\/"]}]},{"@type":"ImageObject","inLanguage":"en-US","@id":"https:\/\/tokset.com\/en\/products\/combined-products-stainless\/safe-bin-combi-l-2\/#primaryimage","url":"https:\/\/tokset.com\/wp-content\/uploads\/60-902K2.jpg","contentUrl":"https:\/\/tokset.com\/wp-content\/uploads\/60-902K2.jpg","width":143,"height":300,"caption":"Roska-astia Combi 60 litraa"},{"@type":"BreadcrumbList","@id":"https:\/\/tokset.com\/en\/products\/combined-products-stainless\/safe-bin-combi-l-2\/#breadcrumb","itemListElement":[{"@type":"ListItem","position":1,"name":"Etusivu","item":"https:\/\/tokset.com\/en\/"},{"@type":"ListItem","position":2,"name":"PRODUCTS","item":"https:\/\/tokset.com\/en\/products\/"},{"@type":"ListItem","position":3,"name":"Safe Bin Combi L 60 liter K2"}]},{"@type":"WebSite","@id":"https:\/\/tokset.com\/en\/#website","url":"https:\/\/tokset.com\/en\/","name":"Tokset Oy","description":"Paloturvalliset tuhka- ja roska-astiat","publisher":{"@id":"https:\/\/tokset.com\/en\/#organization"},"potentialAction":[{"@type":"SearchAction","target":{"@type":"EntryPoint","urlTemplate":"https:\/\/tokset.com\/en\/?s={search_term_string}"},"query-input":{"@type":"PropertyValueSpecification","valueRequired":true,"valueName":"search_term_string"}}],"inLanguage":"en-US"},{"@type":"Organization","@id":"https:\/\/tokset.com\/en\/#organization","name":"Tokset Oy","url":"https:\/\/tokset.com\/en\/","logo":{"@type":"ImageObject","inLanguage":"en-US","@id":"https:\/\/tokset.com\/en\/#\/schema\/logo\/image\/","url":"https:\/\/tokset.com\/wp-content\/uploads\/toksetlogo_musta-1.png","contentUrl":"https:\/\/tokset.com\/wp-content\/uploads\/toksetlogo_musta-1.png","width":649,"height":222,"caption":"Tokset Oy"},"image":{"@id":"https:\/\/tokset.com\/en\/#\/schema\/logo\/image\/"},"sameAs":["https:\/\/www.facebook.com\/ToksetOy\/"]}]}},"uagb_featured_image_src":{"full":["https:\/\/tokset.com\/wp-content\/uploads\/60-902K2.jpg",143,300,false],"thumbnail":["https:\/\/tokset.com\/wp-content\/uploads\/60-902K2.jpg",72,150,false],"medium":["https:\/\/tokset.com\/wp-content\/uploads\/60-902K2.jpg",143,300,false],"medium_large":["https:\/\/tokset.com\/wp-content\/uploads\/60-902K2.jpg",143,300,false],"large":["https:\/\/tokset.com\/wp-content\/uploads\/60-902K2.jpg",143,300,false],"1536x1536":["https:\/\/tokset.com\/wp-content\/uploads\/60-902K2.jpg",143,300,false],"2048x2048":["https:\/\/tokset.com\/wp-content\/uploads\/60-902K2.jpg",143,300,false],"sidebar-featured":["https:\/\/tokset.com\/wp-content\/uploads\/60-902K2.jpg",36,75,false],"genesis-singular-images":["https:\/\/tokset.com\/wp-content\/uploads\/60-902K2.jpg",143,300,false],"woocommerce_thumbnail":["https:\/\/tokset.com\/wp-content\/uploads\/60-902K2.jpg",143,300,false],"woocommerce_single":["https:\/\/tokset.com\/wp-content\/uploads\/60-902K2.jpg",143,300,false],"woocommerce_gallery_thumbnail":["https:\/\/tokset.com\/wp-content\/uploads\/60-902K2-143x180.jpg",143,180,true]},"uagb_author_info":{"display_name":"Tokset Oy","author_link":"https:\/\/tokset.com\/en\/author\/"},"uagb_comment_info":0,"uagb_excerpt":"Safe Bin Combi L stainless steel foot C2 for direct mounting to floor or to anchor C5, free standing, inner bin volume 60 L, good design, solid construction, fire safety features separate Safe tray (89 x 600mm) for cigarettes, triangluar lock and key, inner bin of marine aluminium for safe and easy emptying","_links":{"self":[{"href":"https:\/\/tokset.com\/en\/wp-json\/wp\/v2\/product\/584","targetHints":{"allow":["GET"]}}],"collection":[{"href":"https:\/\/tokset.com\/en\/wp-json\/wp\/v2\/product"}],"about":[{"href":"https:\/\/tokset.com\/en\/wp-json\/wp\/v2\/types\/product"}],"wp:featuredmedia":[{"embeddable":true,"href":"https:\/\/tokset.com\/en\/wp-json\/wp\/v2\/media\/625"}],"wp:attachment":[{"href":"https:\/\/tokset.com\/en\/wp-json\/wp\/v2\/media?parent=584"}],"wp:term":[{"taxonomy":"product_brand","embeddable":true,"href":"https:\/\/tokset.com\/en\/wp-json\/wp\/v2\/product_brand?post=584"},{"taxonomy":"product_cat","embeddable":true,"href":"https:\/\/tokset.com\/en\/wp-json\/wp\/v2\/product_cat?post=584"},{"taxonomy":"product_tag","embeddable":true,"href":"https:\/\/tokset.com\/en\/wp-json\/wp\/v2\/product_tag?post=584"}],"curies":[{"name":"wp","href":"https:\/\/api.w.org\/{rel}","templated":true}]}}