{"id":592,"date":"2016-05-12T12:50:04","date_gmt":"2016-05-16T07:40:21","guid":{"rendered":"https:\/\/tokset.com\/\/?post_type=product&#038;p=592&#038;lang=en"},"modified":"2017-01-05T10:50:54","modified_gmt":"2017-01-05T08:50:54","slug":"safe-bin-combi-l-4","status":"publish","type":"product","link":"https:\/\/tokset.com\/en\/products\/combined-products-powder-coated\/safe-bin-combi-l-4\/","title":{"rendered":"Safe Bin Combi L 60 liter"},"content":{"rendered":"<div class=\"gca-column one-half first\"><p>Technical data:<\/p>\n<ul>\n<li>Code:60-702MS<\/li>\n<li>Lenght:700,00mm<\/li>\n<li>Width:495,00mm<\/li>\n<li>Weight:19,00kg<\/li>\n<li>Volume:60 l<\/li>\n<li>Color:All RAL colors<\/li>\n<\/ul><\/div><div class=\"gca-column one-half\"><img decoding=\"async\" alt=\"\" src=\"https:\/\/tokset.com\/\/litter\/ProdImages\/60-702MS_tech.jpg\"><\/div>\n","protected":false},"excerpt":{"rendered":"<p>Safe Bin Combi L<br \/>\nwall mounted, painted galvanized steel, all RAL colours available, inner bin (60 L) marine aluminium for safe and easy emtying, good design, fire safety features with separate Safe Tray for cigarettes (89 x 600 mm), triangular lock and key<\/p>\n","protected":false},"featured_media":631,"template":"","meta":{"_uag_custom_page_level_css":"","_genesis_hide_title":false,"_genesis_hide_breadcrumbs":false,"_genesis_hide_singular_image":false,"_genesis_hide_footer_widgets":false,"_genesis_custom_body_class":"","_genesis_custom_post_class":"","_genesis_layout":"","ngg_post_thumbnail":0},"product_brand":[],"product_cat":[26],"product_tag":[],"class_list":{"0":"post-592","1":"product","2":"type-product","3":"status-publish","4":"has-post-thumbnail","6":"product_cat-combined-products-powder-coated","7":"entry","9":"first","10":"instock","11":"shipping-taxable","12":"product-type-simple"},"yoast_head":"<!-- This site is optimized with the Yoast SEO plugin v27.3 - https:\/\/yoast.com\/product\/yoast-seo-wordpress\/ -->\n<title>Safe Bin Combi L 60 liter | Tokset Oy<\/title>\n<meta name=\"description\" content=\"Maalatut roska- ja tuhka-astiat ovat pulverimaalattu UV-s\u00e4teilyn- ja s\u00e4\u00e4n kest\u00e4viksi. Paloturvalliset kest\u00e4v\u00e4t roska- ja tuhka-astiat sis\u00e4- ja ulkotiloihin.\" \/>\n<meta name=\"robots\" content=\"index, follow, max-snippet:-1, max-image-preview:large, max-video-preview:-1\" \/>\n<link rel=\"canonical\" href=\"https:\/\/tokset.com\/en\/products\/combined-products-powder-coated\/safe-bin-combi-l-4\/\" \/>\n<meta property=\"og:locale\" content=\"en_US\" \/>\n<meta property=\"og:type\" content=\"article\" \/>\n<meta property=\"og:title\" content=\"Safe Bin Combi L 60 liter | Tokset Oy\" \/>\n<meta property=\"og:description\" content=\"Maalatut roska- ja tuhka-astiat ovat pulverimaalattu UV-s\u00e4teilyn- ja s\u00e4\u00e4n kest\u00e4viksi. Paloturvalliset kest\u00e4v\u00e4t roska- ja tuhka-astiat sis\u00e4- ja ulkotiloihin.\" \/>\n<meta property=\"og:url\" content=\"https:\/\/tokset.com\/en\/products\/combined-products-powder-coated\/safe-bin-combi-l-4\/\" \/>\n<meta property=\"og:site_name\" content=\"Tokset Oy\" \/>\n<meta property=\"article:publisher\" content=\"https:\/\/www.facebook.com\/ToksetOy\/\" \/>\n<meta property=\"article:modified_time\" content=\"2017-01-05T08:50:54+00:00\" \/>\n<meta property=\"og:image\" content=\"https:\/\/tokset.com\/wp-content\/uploads\/60-702MS.jpg\" \/>\n\t<meta property=\"og:image:width\" content=\"192\" \/>\n\t<meta property=\"og:image:height\" content=\"300\" \/>\n\t<meta property=\"og:image:type\" content=\"image\/jpeg\" \/>\n<meta name=\"twitter:card\" content=\"summary_large_image\" \/>\n<script type=\"application\/ld+json\" class=\"yoast-schema-graph\">{\"@context\":\"https:\\\/\\\/schema.org\",\"@graph\":[{\"@type\":\"WebPage\",\"@id\":\"https:\\\/\\\/tokset.com\\\/en\\\/products\\\/combined-products-powder-coated\\\/safe-bin-combi-l-4\\\/\",\"url\":\"https:\\\/\\\/tokset.com\\\/en\\\/products\\\/combined-products-powder-coated\\\/safe-bin-combi-l-4\\\/\",\"name\":\"Safe Bin Combi L 60 liter | Tokset Oy\",\"isPartOf\":{\"@id\":\"https:\\\/\\\/tokset.com\\\/en\\\/#website\"},\"primaryImageOfPage\":{\"@id\":\"https:\\\/\\\/tokset.com\\\/en\\\/products\\\/combined-products-powder-coated\\\/safe-bin-combi-l-4\\\/#primaryimage\"},\"image\":{\"@id\":\"https:\\\/\\\/tokset.com\\\/en\\\/products\\\/combined-products-powder-coated\\\/safe-bin-combi-l-4\\\/#primaryimage\"},\"thumbnailUrl\":\"https:\\\/\\\/tokset.com\\\/wp-content\\\/uploads\\\/60-702MS.jpg\",\"datePublished\":\"2016-05-16T07:40:21+00:00\",\"dateModified\":\"2017-01-05T08:50:54+00:00\",\"description\":\"Maalatut roska- ja tuhka-astiat ovat pulverimaalattu UV-s\u00e4teilyn- ja s\u00e4\u00e4n kest\u00e4viksi. Paloturvalliset kest\u00e4v\u00e4t roska- ja tuhka-astiat sis\u00e4- ja ulkotiloihin.\",\"breadcrumb\":{\"@id\":\"https:\\\/\\\/tokset.com\\\/en\\\/products\\\/combined-products-powder-coated\\\/safe-bin-combi-l-4\\\/#breadcrumb\"},\"inLanguage\":\"en-US\",\"potentialAction\":[{\"@type\":\"ReadAction\",\"target\":[\"https:\\\/\\\/tokset.com\\\/en\\\/products\\\/combined-products-powder-coated\\\/safe-bin-combi-l-4\\\/\"]}]},{\"@type\":\"ImageObject\",\"inLanguage\":\"en-US\",\"@id\":\"https:\\\/\\\/tokset.com\\\/en\\\/products\\\/combined-products-powder-coated\\\/safe-bin-combi-l-4\\\/#primaryimage\",\"url\":\"https:\\\/\\\/tokset.com\\\/wp-content\\\/uploads\\\/60-702MS.jpg\",\"contentUrl\":\"https:\\\/\\\/tokset.com\\\/wp-content\\\/uploads\\\/60-702MS.jpg\",\"width\":192,\"height\":300,\"caption\":\"Roska-astia Combi 60 litraa\"},{\"@type\":\"BreadcrumbList\",\"@id\":\"https:\\\/\\\/tokset.com\\\/en\\\/products\\\/combined-products-powder-coated\\\/safe-bin-combi-l-4\\\/#breadcrumb\",\"itemListElement\":[{\"@type\":\"ListItem\",\"position\":1,\"name\":\"Etusivu\",\"item\":\"https:\\\/\\\/tokset.com\\\/en\\\/\"},{\"@type\":\"ListItem\",\"position\":2,\"name\":\"PRODUCTS\",\"item\":\"https:\\\/\\\/tokset.com\\\/en\\\/products\\\/\"},{\"@type\":\"ListItem\",\"position\":3,\"name\":\"Safe Bin Combi L 60 liter\"}]},{\"@type\":\"WebSite\",\"@id\":\"https:\\\/\\\/tokset.com\\\/en\\\/#website\",\"url\":\"https:\\\/\\\/tokset.com\\\/en\\\/\",\"name\":\"Tokset Oy\",\"description\":\"Paloturvalliset tuhka- ja roska-astiat\",\"publisher\":{\"@id\":\"https:\\\/\\\/tokset.com\\\/en\\\/#organization\"},\"potentialAction\":[{\"@type\":\"SearchAction\",\"target\":{\"@type\":\"EntryPoint\",\"urlTemplate\":\"https:\\\/\\\/tokset.com\\\/en\\\/?s={search_term_string}\"},\"query-input\":{\"@type\":\"PropertyValueSpecification\",\"valueRequired\":true,\"valueName\":\"search_term_string\"}}],\"inLanguage\":\"en-US\"},{\"@type\":\"Organization\",\"@id\":\"https:\\\/\\\/tokset.com\\\/en\\\/#organization\",\"name\":\"Tokset Oy\",\"url\":\"https:\\\/\\\/tokset.com\\\/en\\\/\",\"logo\":{\"@type\":\"ImageObject\",\"inLanguage\":\"en-US\",\"@id\":\"https:\\\/\\\/tokset.com\\\/en\\\/#\\\/schema\\\/logo\\\/image\\\/\",\"url\":\"https:\\\/\\\/tokset.com\\\/wp-content\\\/uploads\\\/toksetlogo_musta-1.png\",\"contentUrl\":\"https:\\\/\\\/tokset.com\\\/wp-content\\\/uploads\\\/toksetlogo_musta-1.png\",\"width\":649,\"height\":222,\"caption\":\"Tokset Oy\"},\"image\":{\"@id\":\"https:\\\/\\\/tokset.com\\\/en\\\/#\\\/schema\\\/logo\\\/image\\\/\"},\"sameAs\":[\"https:\\\/\\\/www.facebook.com\\\/ToksetOy\\\/\"]}]}<\/script>\n<!-- \/ Yoast SEO plugin. -->","yoast_head_json":{"title":"Safe Bin Combi L 60 liter | Tokset Oy","description":"Maalatut roska- ja tuhka-astiat ovat pulverimaalattu UV-s\u00e4teilyn- ja s\u00e4\u00e4n kest\u00e4viksi. Paloturvalliset kest\u00e4v\u00e4t roska- ja tuhka-astiat sis\u00e4- ja ulkotiloihin.","robots":{"index":"index","follow":"follow","max-snippet":"max-snippet:-1","max-image-preview":"max-image-preview:large","max-video-preview":"max-video-preview:-1"},"canonical":"https:\/\/tokset.com\/en\/products\/combined-products-powder-coated\/safe-bin-combi-l-4\/","og_locale":"en_US","og_type":"article","og_title":"Safe Bin Combi L 60 liter | Tokset Oy","og_description":"Maalatut roska- ja tuhka-astiat ovat pulverimaalattu UV-s\u00e4teilyn- ja s\u00e4\u00e4n kest\u00e4viksi. Paloturvalliset kest\u00e4v\u00e4t roska- ja tuhka-astiat sis\u00e4- ja ulkotiloihin.","og_url":"https:\/\/tokset.com\/en\/products\/combined-products-powder-coated\/safe-bin-combi-l-4\/","og_site_name":"Tokset Oy","article_publisher":"https:\/\/www.facebook.com\/ToksetOy\/","article_modified_time":"2017-01-05T08:50:54+00:00","og_image":[{"width":192,"height":300,"url":"https:\/\/tokset.com\/wp-content\/uploads\/60-702MS.jpg","type":"image\/jpeg"}],"twitter_card":"summary_large_image","schema":{"@context":"https:\/\/schema.org","@graph":[{"@type":"WebPage","@id":"https:\/\/tokset.com\/en\/products\/combined-products-powder-coated\/safe-bin-combi-l-4\/","url":"https:\/\/tokset.com\/en\/products\/combined-products-powder-coated\/safe-bin-combi-l-4\/","name":"Safe Bin Combi L 60 liter | Tokset Oy","isPartOf":{"@id":"https:\/\/tokset.com\/en\/#website"},"primaryImageOfPage":{"@id":"https:\/\/tokset.com\/en\/products\/combined-products-powder-coated\/safe-bin-combi-l-4\/#primaryimage"},"image":{"@id":"https:\/\/tokset.com\/en\/products\/combined-products-powder-coated\/safe-bin-combi-l-4\/#primaryimage"},"thumbnailUrl":"https:\/\/tokset.com\/wp-content\/uploads\/60-702MS.jpg","datePublished":"2016-05-16T07:40:21+00:00","dateModified":"2017-01-05T08:50:54+00:00","description":"Maalatut roska- ja tuhka-astiat ovat pulverimaalattu UV-s\u00e4teilyn- ja s\u00e4\u00e4n kest\u00e4viksi. Paloturvalliset kest\u00e4v\u00e4t roska- ja tuhka-astiat sis\u00e4- ja ulkotiloihin.","breadcrumb":{"@id":"https:\/\/tokset.com\/en\/products\/combined-products-powder-coated\/safe-bin-combi-l-4\/#breadcrumb"},"inLanguage":"en-US","potentialAction":[{"@type":"ReadAction","target":["https:\/\/tokset.com\/en\/products\/combined-products-powder-coated\/safe-bin-combi-l-4\/"]}]},{"@type":"ImageObject","inLanguage":"en-US","@id":"https:\/\/tokset.com\/en\/products\/combined-products-powder-coated\/safe-bin-combi-l-4\/#primaryimage","url":"https:\/\/tokset.com\/wp-content\/uploads\/60-702MS.jpg","contentUrl":"https:\/\/tokset.com\/wp-content\/uploads\/60-702MS.jpg","width":192,"height":300,"caption":"Roska-astia Combi 60 litraa"},{"@type":"BreadcrumbList","@id":"https:\/\/tokset.com\/en\/products\/combined-products-powder-coated\/safe-bin-combi-l-4\/#breadcrumb","itemListElement":[{"@type":"ListItem","position":1,"name":"Etusivu","item":"https:\/\/tokset.com\/en\/"},{"@type":"ListItem","position":2,"name":"PRODUCTS","item":"https:\/\/tokset.com\/en\/products\/"},{"@type":"ListItem","position":3,"name":"Safe Bin Combi L 60 liter"}]},{"@type":"WebSite","@id":"https:\/\/tokset.com\/en\/#website","url":"https:\/\/tokset.com\/en\/","name":"Tokset Oy","description":"Paloturvalliset tuhka- ja roska-astiat","publisher":{"@id":"https:\/\/tokset.com\/en\/#organization"},"potentialAction":[{"@type":"SearchAction","target":{"@type":"EntryPoint","urlTemplate":"https:\/\/tokset.com\/en\/?s={search_term_string}"},"query-input":{"@type":"PropertyValueSpecification","valueRequired":true,"valueName":"search_term_string"}}],"inLanguage":"en-US"},{"@type":"Organization","@id":"https:\/\/tokset.com\/en\/#organization","name":"Tokset Oy","url":"https:\/\/tokset.com\/en\/","logo":{"@type":"ImageObject","inLanguage":"en-US","@id":"https:\/\/tokset.com\/en\/#\/schema\/logo\/image\/","url":"https:\/\/tokset.com\/wp-content\/uploads\/toksetlogo_musta-1.png","contentUrl":"https:\/\/tokset.com\/wp-content\/uploads\/toksetlogo_musta-1.png","width":649,"height":222,"caption":"Tokset Oy"},"image":{"@id":"https:\/\/tokset.com\/en\/#\/schema\/logo\/image\/"},"sameAs":["https:\/\/www.facebook.com\/ToksetOy\/"]}]}},"uagb_featured_image_src":{"full":["https:\/\/tokset.com\/wp-content\/uploads\/60-702MS.jpg",192,300,false],"thumbnail":["https:\/\/tokset.com\/wp-content\/uploads\/60-702MS.jpg",96,150,false],"medium":["https:\/\/tokset.com\/wp-content\/uploads\/60-702MS.jpg",192,300,false],"medium_large":["https:\/\/tokset.com\/wp-content\/uploads\/60-702MS.jpg",192,300,false],"large":["https:\/\/tokset.com\/wp-content\/uploads\/60-702MS.jpg",192,300,false],"1536x1536":["https:\/\/tokset.com\/wp-content\/uploads\/60-702MS.jpg",192,300,false],"2048x2048":["https:\/\/tokset.com\/wp-content\/uploads\/60-702MS.jpg",192,300,false],"sidebar-featured":["https:\/\/tokset.com\/wp-content\/uploads\/60-702MS.jpg",48,75,false],"genesis-singular-images":["https:\/\/tokset.com\/wp-content\/uploads\/60-702MS.jpg",192,300,false],"woocommerce_thumbnail":["https:\/\/tokset.com\/wp-content\/uploads\/60-702MS.jpg",192,300,false],"woocommerce_single":["https:\/\/tokset.com\/wp-content\/uploads\/60-702MS.jpg",192,300,false],"woocommerce_gallery_thumbnail":["https:\/\/tokset.com\/wp-content\/uploads\/60-702MS-180x180.jpg",180,180,true]},"uagb_author_info":{"display_name":"Tokset Oy","author_link":"https:\/\/tokset.com\/en\/author\/"},"uagb_comment_info":0,"uagb_excerpt":"Safe Bin Combi L wall mounted, painted galvanized steel, all RAL colours available, inner bin (60 L) marine aluminium for safe and easy emtying, good design, fire safety features with separate Safe Tray for cigarettes (89 x 600 mm), triangular lock and key","_links":{"self":[{"href":"https:\/\/tokset.com\/en\/wp-json\/wp\/v2\/product\/592","targetHints":{"allow":["GET"]}}],"collection":[{"href":"https:\/\/tokset.com\/en\/wp-json\/wp\/v2\/product"}],"about":[{"href":"https:\/\/tokset.com\/en\/wp-json\/wp\/v2\/types\/product"}],"wp:featuredmedia":[{"embeddable":true,"href":"https:\/\/tokset.com\/en\/wp-json\/wp\/v2\/media\/631"}],"wp:attachment":[{"href":"https:\/\/tokset.com\/en\/wp-json\/wp\/v2\/media?parent=592"}],"wp:term":[{"taxonomy":"product_brand","embeddable":true,"href":"https:\/\/tokset.com\/en\/wp-json\/wp\/v2\/product_brand?post=592"},{"taxonomy":"product_cat","embeddable":true,"href":"https:\/\/tokset.com\/en\/wp-json\/wp\/v2\/product_cat?post=592"},{"taxonomy":"product_tag","embeddable":true,"href":"https:\/\/tokset.com\/en\/wp-json\/wp\/v2\/product_tag?post=592"}],"curies":[{"name":"wp","href":"https:\/\/api.w.org\/{rel}","templated":true}]}}