{"id":868,"date":"2016-06-07T09:34:19","date_gmt":"2016-06-07T06:56:57","guid":{"rendered":"https:\/\/tokset.com\/\/?post_type=product&#038;p=868&#038;lang=en"},"modified":"2016-06-07T09:56:57","modified_gmt":"2016-06-07T06:56:57","slug":"waste-sorting","status":"publish","type":"product","link":"https:\/\/tokset.com\/en\/products\/waste-sorting\/waste-sorting\/","title":{"rendered":"Waste sorting"},"content":{"rendered":"","protected":false},"excerpt":{"rendered":"<p><img loading=\"lazy\" decoding=\"async\" class=\"alignright size-medium wp-image-861\" src=\"https:\/\/tokset.com\/\/wp-content\/uploads\/unnamed-10-300x277.jpg\" alt=\"unnamed (10)\" width=\"300\" height=\"277\" srcset=\"https:\/\/tokset.com\/wp-content\/uploads\/unnamed-10-300x277.jpg 300w, https:\/\/tokset.com\/wp-content\/uploads\/unnamed-10-500x462.jpg 500w, https:\/\/tokset.com\/wp-content\/uploads\/unnamed-10-655x605.jpg 655w, https:\/\/tokset.com\/wp-content\/uploads\/unnamed-10-150x139.jpg 150w, https:\/\/tokset.com\/wp-content\/uploads\/unnamed-10-600x554.jpg 600w, https:\/\/tokset.com\/wp-content\/uploads\/unnamed-10.jpg 734w\" sizes=\"auto, (max-width: 300px) 100vw, 300px\" \/><\/p>\n","protected":false},"featured_media":860,"template":"","meta":{"_uag_custom_page_level_css":"","_genesis_hide_title":false,"_genesis_hide_breadcrumbs":false,"_genesis_hide_singular_image":false,"_genesis_hide_footer_widgets":false,"_genesis_custom_body_class":"","_genesis_custom_post_class":"","_genesis_layout":"","ngg_post_thumbnail":0},"product_brand":[],"product_cat":[19],"product_tag":[],"class_list":{"0":"post-868","1":"product","2":"type-product","3":"status-publish","4":"has-post-thumbnail","6":"product_cat-waste-sorting","7":"entry","9":"first","10":"instock","11":"shipping-taxable","12":"product-type-simple"},"yoast_head":"<!-- This site is optimized with the Yoast SEO plugin v27.5 - https:\/\/yoast.com\/product\/yoast-seo-wordpress\/ -->\n<title>Waste sorting | Tokset Oy | J\u00e4telajittelijat ruostumattomasta ter\u00e4ksest\u00e4<\/title>\n<meta name=\"description\" content=\"Kest\u00e4v\u00e4 ja paloturvallinen j\u00e4telajittelija kaikkiin tiloihin. Materiaalina ruostumaton ter\u00e4s tai maalattuna RAL-v\u00e4reiss\u00e4.\" \/>\n<meta name=\"robots\" content=\"index, follow, max-snippet:-1, max-image-preview:large, max-video-preview:-1\" \/>\n<link rel=\"canonical\" href=\"https:\/\/tokset.com\/en\/products\/waste-sorting\/waste-sorting\/\" \/>\n<meta property=\"og:locale\" content=\"en_US\" \/>\n<meta property=\"og:type\" content=\"article\" \/>\n<meta property=\"og:title\" content=\"Waste sorting | Tokset Oy | J\u00e4telajittelijat ruostumattomasta ter\u00e4ksest\u00e4\" \/>\n<meta property=\"og:description\" content=\"Kest\u00e4v\u00e4 ja paloturvallinen j\u00e4telajittelija kaikkiin tiloihin. Materiaalina ruostumaton ter\u00e4s tai maalattuna RAL-v\u00e4reiss\u00e4.\" \/>\n<meta property=\"og:url\" content=\"https:\/\/tokset.com\/en\/products\/waste-sorting\/waste-sorting\/\" \/>\n<meta property=\"og:site_name\" content=\"Tokset Oy\" \/>\n<meta property=\"article:publisher\" content=\"https:\/\/www.facebook.com\/ToksetOy\/\" \/>\n<meta property=\"og:image\" content=\"https:\/\/tokset.com\/wp-content\/uploads\/unnamed-11.jpg\" \/>\n\t<meta property=\"og:image:width\" content=\"734\" \/>\n\t<meta property=\"og:image:height\" content=\"802\" \/>\n\t<meta property=\"og:image:type\" content=\"image\/jpeg\" \/>\n<meta name=\"twitter:card\" content=\"summary_large_image\" \/>\n<script type=\"application\/ld+json\" class=\"yoast-schema-graph\">{\"@context\":\"https:\\\/\\\/schema.org\",\"@graph\":[{\"@type\":\"WebPage\",\"@id\":\"https:\\\/\\\/tokset.com\\\/en\\\/products\\\/waste-sorting\\\/waste-sorting\\\/\",\"url\":\"https:\\\/\\\/tokset.com\\\/en\\\/products\\\/waste-sorting\\\/waste-sorting\\\/\",\"name\":\"Waste sorting | Tokset Oy | J\u00e4telajittelijat ruostumattomasta ter\u00e4ksest\u00e4\",\"isPartOf\":{\"@id\":\"https:\\\/\\\/tokset.com\\\/en\\\/#website\"},\"primaryImageOfPage\":{\"@id\":\"https:\\\/\\\/tokset.com\\\/en\\\/products\\\/waste-sorting\\\/waste-sorting\\\/#primaryimage\"},\"image\":{\"@id\":\"https:\\\/\\\/tokset.com\\\/en\\\/products\\\/waste-sorting\\\/waste-sorting\\\/#primaryimage\"},\"thumbnailUrl\":\"https:\\\/\\\/tokset.com\\\/wp-content\\\/uploads\\\/unnamed-11.jpg\",\"datePublished\":\"2016-06-07T06:56:57+00:00\",\"description\":\"Kest\u00e4v\u00e4 ja paloturvallinen j\u00e4telajittelija kaikkiin tiloihin. Materiaalina ruostumaton ter\u00e4s tai maalattuna RAL-v\u00e4reiss\u00e4.\",\"breadcrumb\":{\"@id\":\"https:\\\/\\\/tokset.com\\\/en\\\/products\\\/waste-sorting\\\/waste-sorting\\\/#breadcrumb\"},\"inLanguage\":\"en-US\",\"potentialAction\":[{\"@type\":\"ReadAction\",\"target\":[\"https:\\\/\\\/tokset.com\\\/en\\\/products\\\/waste-sorting\\\/waste-sorting\\\/\"]}]},{\"@type\":\"ImageObject\",\"inLanguage\":\"en-US\",\"@id\":\"https:\\\/\\\/tokset.com\\\/en\\\/products\\\/waste-sorting\\\/waste-sorting\\\/#primaryimage\",\"url\":\"https:\\\/\\\/tokset.com\\\/wp-content\\\/uploads\\\/unnamed-11.jpg\",\"contentUrl\":\"https:\\\/\\\/tokset.com\\\/wp-content\\\/uploads\\\/unnamed-11.jpg\",\"width\":734,\"height\":802,\"caption\":\"Lajittelija\"},{\"@type\":\"BreadcrumbList\",\"@id\":\"https:\\\/\\\/tokset.com\\\/en\\\/products\\\/waste-sorting\\\/waste-sorting\\\/#breadcrumb\",\"itemListElement\":[{\"@type\":\"ListItem\",\"position\":1,\"name\":\"Etusivu\",\"item\":\"https:\\\/\\\/tokset.com\\\/en\\\/\"},{\"@type\":\"ListItem\",\"position\":2,\"name\":\"PRODUCTS\",\"item\":\"https:\\\/\\\/tokset.com\\\/en\\\/products\\\/\"},{\"@type\":\"ListItem\",\"position\":3,\"name\":\"Waste sorting\"}]},{\"@type\":\"WebSite\",\"@id\":\"https:\\\/\\\/tokset.com\\\/en\\\/#website\",\"url\":\"https:\\\/\\\/tokset.com\\\/en\\\/\",\"name\":\"Tokset Oy\",\"description\":\"Paloturvalliset tuhka- ja roska-astiat\",\"publisher\":{\"@id\":\"https:\\\/\\\/tokset.com\\\/en\\\/#organization\"},\"potentialAction\":[{\"@type\":\"SearchAction\",\"target\":{\"@type\":\"EntryPoint\",\"urlTemplate\":\"https:\\\/\\\/tokset.com\\\/en\\\/?s={search_term_string}\"},\"query-input\":{\"@type\":\"PropertyValueSpecification\",\"valueRequired\":true,\"valueName\":\"search_term_string\"}}],\"inLanguage\":\"en-US\"},{\"@type\":\"Organization\",\"@id\":\"https:\\\/\\\/tokset.com\\\/en\\\/#organization\",\"name\":\"Tokset Oy\",\"url\":\"https:\\\/\\\/tokset.com\\\/en\\\/\",\"logo\":{\"@type\":\"ImageObject\",\"inLanguage\":\"en-US\",\"@id\":\"https:\\\/\\\/tokset.com\\\/en\\\/#\\\/schema\\\/logo\\\/image\\\/\",\"url\":\"https:\\\/\\\/tokset.com\\\/wp-content\\\/uploads\\\/toksetlogo_musta-1.png\",\"contentUrl\":\"https:\\\/\\\/tokset.com\\\/wp-content\\\/uploads\\\/toksetlogo_musta-1.png\",\"width\":649,\"height\":222,\"caption\":\"Tokset Oy\"},\"image\":{\"@id\":\"https:\\\/\\\/tokset.com\\\/en\\\/#\\\/schema\\\/logo\\\/image\\\/\"},\"sameAs\":[\"https:\\\/\\\/www.facebook.com\\\/ToksetOy\\\/\"]}]}<\/script>\n<!-- \/ Yoast SEO plugin. -->","yoast_head_json":{"title":"Waste sorting | Tokset Oy | J\u00e4telajittelijat ruostumattomasta ter\u00e4ksest\u00e4","description":"Kest\u00e4v\u00e4 ja paloturvallinen j\u00e4telajittelija kaikkiin tiloihin. Materiaalina ruostumaton ter\u00e4s tai maalattuna RAL-v\u00e4reiss\u00e4.","robots":{"index":"index","follow":"follow","max-snippet":"max-snippet:-1","max-image-preview":"max-image-preview:large","max-video-preview":"max-video-preview:-1"},"canonical":"https:\/\/tokset.com\/en\/products\/waste-sorting\/waste-sorting\/","og_locale":"en_US","og_type":"article","og_title":"Waste sorting | Tokset Oy | J\u00e4telajittelijat ruostumattomasta ter\u00e4ksest\u00e4","og_description":"Kest\u00e4v\u00e4 ja paloturvallinen j\u00e4telajittelija kaikkiin tiloihin. Materiaalina ruostumaton ter\u00e4s tai maalattuna RAL-v\u00e4reiss\u00e4.","og_url":"https:\/\/tokset.com\/en\/products\/waste-sorting\/waste-sorting\/","og_site_name":"Tokset Oy","article_publisher":"https:\/\/www.facebook.com\/ToksetOy\/","og_image":[{"width":734,"height":802,"url":"https:\/\/tokset.com\/wp-content\/uploads\/unnamed-11.jpg","type":"image\/jpeg"}],"twitter_card":"summary_large_image","schema":{"@context":"https:\/\/schema.org","@graph":[{"@type":"WebPage","@id":"https:\/\/tokset.com\/en\/products\/waste-sorting\/waste-sorting\/","url":"https:\/\/tokset.com\/en\/products\/waste-sorting\/waste-sorting\/","name":"Waste sorting | Tokset Oy | J\u00e4telajittelijat ruostumattomasta ter\u00e4ksest\u00e4","isPartOf":{"@id":"https:\/\/tokset.com\/en\/#website"},"primaryImageOfPage":{"@id":"https:\/\/tokset.com\/en\/products\/waste-sorting\/waste-sorting\/#primaryimage"},"image":{"@id":"https:\/\/tokset.com\/en\/products\/waste-sorting\/waste-sorting\/#primaryimage"},"thumbnailUrl":"https:\/\/tokset.com\/wp-content\/uploads\/unnamed-11.jpg","datePublished":"2016-06-07T06:56:57+00:00","description":"Kest\u00e4v\u00e4 ja paloturvallinen j\u00e4telajittelija kaikkiin tiloihin. Materiaalina ruostumaton ter\u00e4s tai maalattuna RAL-v\u00e4reiss\u00e4.","breadcrumb":{"@id":"https:\/\/tokset.com\/en\/products\/waste-sorting\/waste-sorting\/#breadcrumb"},"inLanguage":"en-US","potentialAction":[{"@type":"ReadAction","target":["https:\/\/tokset.com\/en\/products\/waste-sorting\/waste-sorting\/"]}]},{"@type":"ImageObject","inLanguage":"en-US","@id":"https:\/\/tokset.com\/en\/products\/waste-sorting\/waste-sorting\/#primaryimage","url":"https:\/\/tokset.com\/wp-content\/uploads\/unnamed-11.jpg","contentUrl":"https:\/\/tokset.com\/wp-content\/uploads\/unnamed-11.jpg","width":734,"height":802,"caption":"Lajittelija"},{"@type":"BreadcrumbList","@id":"https:\/\/tokset.com\/en\/products\/waste-sorting\/waste-sorting\/#breadcrumb","itemListElement":[{"@type":"ListItem","position":1,"name":"Etusivu","item":"https:\/\/tokset.com\/en\/"},{"@type":"ListItem","position":2,"name":"PRODUCTS","item":"https:\/\/tokset.com\/en\/products\/"},{"@type":"ListItem","position":3,"name":"Waste sorting"}]},{"@type":"WebSite","@id":"https:\/\/tokset.com\/en\/#website","url":"https:\/\/tokset.com\/en\/","name":"Tokset Oy","description":"Paloturvalliset tuhka- ja roska-astiat","publisher":{"@id":"https:\/\/tokset.com\/en\/#organization"},"potentialAction":[{"@type":"SearchAction","target":{"@type":"EntryPoint","urlTemplate":"https:\/\/tokset.com\/en\/?s={search_term_string}"},"query-input":{"@type":"PropertyValueSpecification","valueRequired":true,"valueName":"search_term_string"}}],"inLanguage":"en-US"},{"@type":"Organization","@id":"https:\/\/tokset.com\/en\/#organization","name":"Tokset Oy","url":"https:\/\/tokset.com\/en\/","logo":{"@type":"ImageObject","inLanguage":"en-US","@id":"https:\/\/tokset.com\/en\/#\/schema\/logo\/image\/","url":"https:\/\/tokset.com\/wp-content\/uploads\/toksetlogo_musta-1.png","contentUrl":"https:\/\/tokset.com\/wp-content\/uploads\/toksetlogo_musta-1.png","width":649,"height":222,"caption":"Tokset Oy"},"image":{"@id":"https:\/\/tokset.com\/en\/#\/schema\/logo\/image\/"},"sameAs":["https:\/\/www.facebook.com\/ToksetOy\/"]}]}},"uagb_featured_image_src":{"full":["https:\/\/tokset.com\/wp-content\/uploads\/unnamed-11.jpg",734,802,false],"thumbnail":["https:\/\/tokset.com\/wp-content\/uploads\/unnamed-11.jpg",137,150,false],"medium":["https:\/\/tokset.com\/wp-content\/uploads\/unnamed-11.jpg",275,300,false],"medium_large":["https:\/\/tokset.com\/wp-content\/uploads\/unnamed-11.jpg",734,802,false],"large":["https:\/\/tokset.com\/wp-content\/uploads\/unnamed-11.jpg",734,802,false],"1536x1536":["https:\/\/tokset.com\/wp-content\/uploads\/unnamed-11.jpg",734,802,false],"2048x2048":["https:\/\/tokset.com\/wp-content\/uploads\/unnamed-11.jpg",734,802,false],"sidebar-featured":["https:\/\/tokset.com\/wp-content\/uploads\/unnamed-11.jpg",69,75,false],"genesis-singular-images":["https:\/\/tokset.com\/wp-content\/uploads\/unnamed-11.jpg",494,540,false],"woocommerce_thumbnail":["https:\/\/tokset.com\/wp-content\/uploads\/unnamed-11-500x546.jpg",500,546,true],"woocommerce_single":["https:\/\/tokset.com\/wp-content\/uploads\/unnamed-11-655x716.jpg",655,716,true],"woocommerce_gallery_thumbnail":["https:\/\/tokset.com\/wp-content\/uploads\/unnamed-11-180x180.jpg",180,180,true]},"uagb_author_info":{"display_name":"Tokset Oy","author_link":"https:\/\/tokset.com\/en\/author\/"},"uagb_comment_info":0,"uagb_excerpt":null,"_links":{"self":[{"href":"https:\/\/tokset.com\/en\/wp-json\/wp\/v2\/product\/868","targetHints":{"allow":["GET"]}}],"collection":[{"href":"https:\/\/tokset.com\/en\/wp-json\/wp\/v2\/product"}],"about":[{"href":"https:\/\/tokset.com\/en\/wp-json\/wp\/v2\/types\/product"}],"wp:featuredmedia":[{"embeddable":true,"href":"https:\/\/tokset.com\/en\/wp-json\/wp\/v2\/media\/860"}],"wp:attachment":[{"href":"https:\/\/tokset.com\/en\/wp-json\/wp\/v2\/media?parent=868"}],"wp:term":[{"taxonomy":"product_brand","embeddable":true,"href":"https:\/\/tokset.com\/en\/wp-json\/wp\/v2\/product_brand?post=868"},{"taxonomy":"product_cat","embeddable":true,"href":"https:\/\/tokset.com\/en\/wp-json\/wp\/v2\/product_cat?post=868"},{"taxonomy":"product_tag","embeddable":true,"href":"https:\/\/tokset.com\/en\/wp-json\/wp\/v2\/product_tag?post=868"}],"curies":[{"name":"wp","href":"https:\/\/api.w.org\/{rel}","templated":true}]}}